{"id":3555,"date":"2015-04-08T15:47:56","date_gmt":"2015-04-08T15:47:56","guid":{"rendered":"http:\/\/impreza.us-themes.net\/?page_id=3555"},"modified":"2025-06-19T12:58:05","modified_gmt":"2025-06-19T10:58:05","slug":"login-page","status":"publish","type":"page","link":"https:\/\/FrauAndrea.de\/?page_id=3555","title":{"rendered":"Login Page"},"content":{"rendered":"<section class=\"l-section wpb_row us_custom_b7a68ffe height_medium full_height valign_center with_img\"><div class=\"l-section-img\" role=\"img\" aria-label=\"Schwester Renate\" data-img-width=\"1800\" data-img-height=\"1200\" style=\"background-image: url(https:\/\/i0.wp.com\/FrauAndrea.de\/wp-content\/uploads\/2025\/06\/FrauAndrea2025.jpg?fit=1800%2C1200&#038;ssl=1);\"><\/div><div class=\"l-section-h i-cf\"><div class=\"g-cols vc_row via_flex valign_top type_boxes stacking_default\"><div class=\"vc_col-sm-4 wpb_column vc_column_container\"><div class=\"vc_column-inner\"><div class=\"wpb_wrapper\"><div class=\"w-separator size_small\"><\/div><\/div><\/div><\/div><div class=\"vc_col-sm-4 wpb_column vc_column_container has_bg_color\"><div class=\"vc_column-inner us_custom_9f3aeadc\"><div class=\"wpb_wrapper\"><div class=\"wpb_widgetised_column wpb_content_element\"><div class=\"wpb_wrapper\"><div id=\"us_login-1\" class=\"widget widget_us_login\"><div class=\"w-login\"><div class=\"g-preloader type_1\"><\/div><div class=\"w-profile hidden\"><a class=\"w-profile-link for_user\" href=\"https:\/\/FrauAndrea.de\/wp-admin\/profile.php\"><span class=\"w-profile-avatar\"><img alt='' src='https:\/\/secure.gravatar.com\/avatar\/?s=64&#038;d=mm&#038;r=g' srcset='https:\/\/secure.gravatar.com\/avatar\/?s=128&#038;d=mm&#038;r=g 2x' class='avatar avatar-64 photo avatar-default' height='64' width='64' \/><\/span><span class=\"w-profile-name\"><\/span><\/a><a class=\"w-profile-link for_logout\" href=\"https:\/\/FrauAndrea.de\/wp-login.php?action=logout&#038;redirect_to=https%3A%2F%2FFrauAndrea.de%2Findex.php%3Frest_route%3D%252Fwp%252Fv2%252Fpages%252F3555&#038;_wpnonce=164a065844\">Abmelden<\/a><\/div><form class=\"w-form hidden for_login layout_ver\" action=\"https:\/\/FrauAndrea.de\/wp-login.php\" method=\"post\"><div class=\"w-form-h\"><div class=\"w-form-row for_text required\">\r\n\t\t<div class=\"w-form-row-field\">\r\n\t\t\t\t\t\t<input aria-label=\"Benutzername oder E-Mail-Adresse\" type=\"text\" name=\"username\" value placeholder=\"Benutzername oder E-Mail-Adresse *\" data-required=\"true\" aria-required=\"true\"\/>\r\n\t\t\t<\/div>\r\n\t\t<div class=\"w-form-row-state\">Bitte f\u00fcllen Sie dieses Feld aus.<\/div>\r\n<\/div>\r\n<div class=\"w-form-row for_password required\">\r\n\t\t<div class=\"w-form-row-field\">\r\n\t\t\t\t\t\t<input aria-label=\"Passwort\" type=\"password\" name=\"password\" value placeholder=\"Passwort *\" data-required=\"true\" aria-required=\"true\"\/>\r\n\t\t\t<\/div>\r\n\t\t<div class=\"w-form-row-state\">Bitte f\u00fcllen Sie dieses Feld aus.<\/div>\r\n<\/div>\r\n<div class=\"w-form-row for_submit\"><button class=\"w-btn us-btn-style_1\" type=\"submit\" aria-label=\"Anmelden\"><span class=\"g-preloader type_1\"><\/span><span class=\"w-btn-label\">Anmelden<\/span><\/button><\/div><input type=\"hidden\" name value=\"forever\" \/>\r\n<input type=\"hidden\" id=\"us_login_nonce\" name=\"us_login_nonce\" value=\"bebd89c7a7\" \/><input type=\"hidden\" name=\"_wp_http_referer\" value=\"\/index.php?rest_route=%2Fwp%2Fv2%2Fpages%2F3555\" \/><input type=\"hidden\" name=\"action\" value=\"us_ajax_login\" \/>\r\n<\/div><div class=\"w-form-message\"><\/div><div class=\"w-form-json hidden\" onclick='return {&quot;use_ajax&quot;:true,&quot;ajaxurl&quot;:&quot;https:\\\/\\\/FrauAndrea.de\\\/wp-admin\\\/admin-ajax.php&quot;,&quot;messages&quot;:{&quot;err_empty&quot;:&quot;Bitte f\\u00fcllen Sie dieses Feld aus.&quot;,&quot;err_size&quot;:&quot;Die Dateigr\\u00f6\\u00dfe darf %s MB nicht \\u00fcberschreiten&quot;,&quot;err_extension&quot;:&quot;Dateityp %s ist nicht zul\\u00e4ssig&quot;,&quot;err_recaptcha_keys&quot;:&quot;reCAPTCHA-Schl\\u00fcssel sind fehlerhaft&quot;}}'><\/div><\/form><\/div><\/div><\/div><\/div><\/div><\/div><\/div><div class=\"vc_col-sm-4 wpb_column vc_column_container\"><div class=\"vc_column-inner\"><div class=\"wpb_wrapper\"><div class=\"w-separator size_small\"><\/div><\/div><\/div><\/div><\/div><\/div><\/section>\n","protected":false},"excerpt":{"rendered":"Abmelden Bitte f\u00fcllen Sie dieses Feld aus. Bitte f\u00fcllen Sie dieses Feld aus. Anmelden","protected":false},"author":1,"featured_media":0,"parent":0,"menu_order":0,"comment_status":"closed","ping_status":"closed","template":"","meta":{"inline_featured_image":false,"_exactmetrics_skip_tracking":false,"_exactmetrics_sitenote_active":false,"_exactmetrics_sitenote_note":"","_exactmetrics_sitenote_category":0,"footnotes":""},"class_list":["post-3555","page","type-page","status-publish","hentry"],"yoast_head":"<!-- This site is optimized with the Yoast SEO plugin v27.2 - https:\/\/yoast.com\/product\/yoast-seo-wordpress\/ -->\n<title>Login Page - FrauAndrea \u2013 Hereinspaziert und mitgelacht \u2013 Comedy vom Feinsten \u2013 Elegant, Energiegeladen, Einzigartig<\/title>\n<meta name=\"robots\" content=\"index, follow, max-snippet:-1, max-image-preview:large, max-video-preview:-1\" \/>\n<link rel=\"canonical\" href=\"https:\/\/FrauAndrea.de\/?page_id=3555\" \/>\n<meta property=\"og:locale\" content=\"de_DE\" \/>\n<meta property=\"og:type\" content=\"article\" \/>\n<meta property=\"og:title\" content=\"Login Page - FrauAndrea \u2013 Hereinspaziert und mitgelacht \u2013 Comedy vom Feinsten \u2013 Elegant, Energiegeladen, Einzigartig\" \/>\n<meta property=\"og:url\" content=\"https:\/\/FrauAndrea.de\/?page_id=3555\" \/>\n<meta property=\"og:site_name\" content=\"FrauAndrea \u2013 Hereinspaziert und mitgelacht \u2013 Comedy vom Feinsten \u2013 Elegant, Energiegeladen, Einzigartig\" \/>\n<meta property=\"article:publisher\" content=\"https:\/\/www.facebook.com\/frauandrea.de\" \/>\n<meta property=\"article:modified_time\" content=\"2025-06-19T10:58:05+00:00\" \/>\n<meta name=\"twitter:card\" content=\"summary_large_image\" \/>\n<meta name=\"twitter:label1\" content=\"Gesch\u00e4tzte Lesezeit\" \/>\n\t<meta name=\"twitter:data1\" content=\"1\u00a0Minute\" \/>\n<script type=\"application\/ld+json\" class=\"yoast-schema-graph\">{\"@context\":\"https:\/\/schema.org\",\"@graph\":[{\"@type\":\"WebPage\",\"@id\":\"https:\/\/FrauAndrea.de\/?page_id=3555\",\"url\":\"https:\/\/FrauAndrea.de\/?page_id=3555\",\"name\":\"Login Page - FrauAndrea \u2013 Hereinspaziert und mitgelacht \u2013 Comedy vom Feinsten \u2013 Elegant, Energiegeladen, Einzigartig\",\"isPartOf\":{\"@id\":\"https:\/\/FrauAndrea.de\/#website\"},\"datePublished\":\"2015-04-08T15:47:56+00:00\",\"dateModified\":\"2025-06-19T10:58:05+00:00\",\"breadcrumb\":{\"@id\":\"https:\/\/FrauAndrea.de\/?page_id=3555#breadcrumb\"},\"inLanguage\":\"de\",\"potentialAction\":[{\"@type\":\"ReadAction\",\"target\":[\"https:\/\/FrauAndrea.de\/?page_id=3555\"]}]},{\"@type\":\"BreadcrumbList\",\"@id\":\"https:\/\/FrauAndrea.de\/?page_id=3555#breadcrumb\",\"itemListElement\":[{\"@type\":\"ListItem\",\"position\":1,\"name\":\"Startseite\",\"item\":\"https:\/\/FrauAndrea.de\/\"},{\"@type\":\"ListItem\",\"position\":2,\"name\":\"Login Page\"}]},{\"@type\":\"WebSite\",\"@id\":\"https:\/\/FrauAndrea.de\/#website\",\"url\":\"https:\/\/FrauAndrea.de\/\",\"name\":\"FrauAndrea \u2013 Hereinspaziert und mitgelacht \u2013 Comedy vom Feinsten \u2013 Elegant, Energiegeladen, Einzigartig\",\"description\":\"Starke Weiber d\u00fcrfen mehr - FrauAndrea. Als eine Frau mit gro\u00dfem Herzen und noch gr\u00f6\u00dferer Klappe spreche ich mit euch \u00fcber meine zwei Di\u00e4ten. Von einer werde ich ja nicht satt.\",\"potentialAction\":[{\"@type\":\"SearchAction\",\"target\":{\"@type\":\"EntryPoint\",\"urlTemplate\":\"https:\/\/FrauAndrea.de\/?s={search_term_string}\"},\"query-input\":{\"@type\":\"PropertyValueSpecification\",\"valueRequired\":true,\"valueName\":\"search_term_string\"}}],\"inLanguage\":\"de\"}]}<\/script>\n<!-- \/ Yoast SEO plugin. -->","yoast_head_json":{"title":"Login Page - FrauAndrea \u2013 Hereinspaziert und mitgelacht \u2013 Comedy vom Feinsten \u2013 Elegant, Energiegeladen, Einzigartig","robots":{"index":"index","follow":"follow","max-snippet":"max-snippet:-1","max-image-preview":"max-image-preview:large","max-video-preview":"max-video-preview:-1"},"canonical":"https:\/\/FrauAndrea.de\/?page_id=3555","og_locale":"de_DE","og_type":"article","og_title":"Login Page - FrauAndrea \u2013 Hereinspaziert und mitgelacht \u2013 Comedy vom Feinsten \u2013 Elegant, Energiegeladen, Einzigartig","og_url":"https:\/\/FrauAndrea.de\/?page_id=3555","og_site_name":"FrauAndrea \u2013 Hereinspaziert und mitgelacht \u2013 Comedy vom Feinsten \u2013 Elegant, Energiegeladen, Einzigartig","article_publisher":"https:\/\/www.facebook.com\/frauandrea.de","article_modified_time":"2025-06-19T10:58:05+00:00","twitter_card":"summary_large_image","twitter_misc":{"Gesch\u00e4tzte Lesezeit":"1\u00a0Minute"},"schema":{"@context":"https:\/\/schema.org","@graph":[{"@type":"WebPage","@id":"https:\/\/FrauAndrea.de\/?page_id=3555","url":"https:\/\/FrauAndrea.de\/?page_id=3555","name":"Login Page - FrauAndrea \u2013 Hereinspaziert und mitgelacht \u2013 Comedy vom Feinsten \u2013 Elegant, Energiegeladen, Einzigartig","isPartOf":{"@id":"https:\/\/FrauAndrea.de\/#website"},"datePublished":"2015-04-08T15:47:56+00:00","dateModified":"2025-06-19T10:58:05+00:00","breadcrumb":{"@id":"https:\/\/FrauAndrea.de\/?page_id=3555#breadcrumb"},"inLanguage":"de","potentialAction":[{"@type":"ReadAction","target":["https:\/\/FrauAndrea.de\/?page_id=3555"]}]},{"@type":"BreadcrumbList","@id":"https:\/\/FrauAndrea.de\/?page_id=3555#breadcrumb","itemListElement":[{"@type":"ListItem","position":1,"name":"Startseite","item":"https:\/\/FrauAndrea.de\/"},{"@type":"ListItem","position":2,"name":"Login Page"}]},{"@type":"WebSite","@id":"https:\/\/FrauAndrea.de\/#website","url":"https:\/\/FrauAndrea.de\/","name":"FrauAndrea \u2013 Hereinspaziert und mitgelacht \u2013 Comedy vom Feinsten \u2013 Elegant, Energiegeladen, Einzigartig","description":"Starke Weiber d\u00fcrfen mehr - FrauAndrea. Als eine Frau mit gro\u00dfem Herzen und noch gr\u00f6\u00dferer Klappe spreche ich mit euch \u00fcber meine zwei Di\u00e4ten. Von einer werde ich ja nicht satt.","potentialAction":[{"@type":"SearchAction","target":{"@type":"EntryPoint","urlTemplate":"https:\/\/FrauAndrea.de\/?s={search_term_string}"},"query-input":{"@type":"PropertyValueSpecification","valueRequired":true,"valueName":"search_term_string"}}],"inLanguage":"de"}]}},"jetpack_shortlink":"https:\/\/wp.me\/PcxgVh-Vl","jetpack_sharing_enabled":true,"_links":{"self":[{"href":"https:\/\/FrauAndrea.de\/index.php?rest_route=\/wp\/v2\/pages\/3555","targetHints":{"allow":["GET"]}}],"collection":[{"href":"https:\/\/FrauAndrea.de\/index.php?rest_route=\/wp\/v2\/pages"}],"about":[{"href":"https:\/\/FrauAndrea.de\/index.php?rest_route=\/wp\/v2\/types\/page"}],"author":[{"embeddable":true,"href":"https:\/\/FrauAndrea.de\/index.php?rest_route=\/wp\/v2\/users\/1"}],"replies":[{"embeddable":true,"href":"https:\/\/FrauAndrea.de\/index.php?rest_route=%2Fwp%2Fv2%2Fcomments&post=3555"}],"version-history":[{"count":12,"href":"https:\/\/FrauAndrea.de\/index.php?rest_route=\/wp\/v2\/pages\/3555\/revisions"}],"predecessor-version":[{"id":8739,"href":"https:\/\/FrauAndrea.de\/index.php?rest_route=\/wp\/v2\/pages\/3555\/revisions\/8739"}],"wp:attachment":[{"href":"https:\/\/FrauAndrea.de\/index.php?rest_route=%2Fwp%2Fv2%2Fmedia&parent=3555"}],"curies":[{"name":"wp","href":"https:\/\/api.w.org\/{rel}","templated":true}]}}