{"id":6353,"date":"2018-07-12T15:05:21","date_gmt":"2018-07-12T13:05:21","guid":{"rendered":"http:\/\/neu.starke-weiber.de\/?page_id=6353"},"modified":"2021-03-04T18:38:03","modified_gmt":"2021-03-04T17:38:03","slug":"impressum","status":"publish","type":"page","link":"https:\/\/FrauAndrea.de\/?page_id=6353","title":{"rendered":"Impressum"},"content":{"rendered":"<section class=\"l-section wpb_row height_large with_img\"><div class=\"l-section-img\" role=\"img\" aria-label=\"Bild\" data-img-width=\"1800\" data-img-height=\"1200\" style=\"background-image: url(https:\/\/i0.wp.com\/FrauAndrea.de\/wp-content\/uploads\/2018\/07\/titelbild-frauandrea-schokolade.jpg?fit=1800%2C1200&#038;ssl=1);\"><\/div><div class=\"l-section-overlay\" style=\"background:rgba(31,44,51,0.75)\"><\/div><div class=\"l-section-h i-cf\"><div class=\"g-cols vc_row via_flex valign_middle type_default stacking_default\"><div class=\"vc_col-sm-12 wpb_column vc_column_container has_text_color\"><div class=\"vc_column-inner us_custom_6df4bc3a\"><div class=\"wpb_wrapper\"><div class=\"wpb_text_column\"><div class=\"wpb_wrapper\"><h1>Impressum<\/h1>\n<\/div><\/div><\/div><\/div><\/div><\/div><\/div><\/section><section class=\"l-section wpb_row height_medium\"><div class=\"l-section-h i-cf\"><div class=\"g-cols vc_row via_flex valign_top type_default stacking_default\"><div class=\"vc_col-sm-12 wpb_column vc_column_container\"><div class=\"vc_column-inner\"><div class=\"wpb_wrapper\"><section class=\"l-section wpb_row us_custom_821ea863 height_medium\"><div class=\"l-section-h i-cf\"><div class=\"g-cols vc_row via_flex valign_top type_default stacking_default\" style=\"--additional-gap:20px;\"><div class=\"vc_col-sm-6 wpb_column vc_column_container has_bg_color\"><div class=\"vc_column-inner us_custom_0d15be52\"><div class=\"wpb_wrapper\"><div class=\"wpb_text_column\"><div class=\"wpb_wrapper\"><h3>Angaben gem\u00e4\u00df \u00a7 5 TMG:<\/h3>\n<p>Andrea M\u00fcller<br \/>\nGutenbergstra\u00dfe 91<br \/>\n01689 Weinb\u00f6hla<\/p>\n<h3>Kontakt:<\/h3>\n<p>Telefon: +49\u00a0(0) 151 4053 1776<br \/>\nE-Mail: <a href=\"mailto:hallo@frauandrea.de\">hallo@frauandrea.de<\/a><\/p>\n<h3>Umsatzsteuer:<\/h3>\n<p>Umsatzsteuer-Identifikationsnummer gem\u00e4\u00df \u00a727 a<br \/>\nSteuernummer:<br \/>\n209\/251\/05954<\/p>\n<h3>Streitschlichtung<\/h3>\n<p>Die Europ\u00e4ische Kommission stellt eine Plattform zur Online-Streitbeilegung (OS) bereit: <a href=\"https:\/\/ec.europa.eu\/consumers\/odr\" target=\"_blank\" rel=\"noopener noreferrer\">https:\/\/ec.europa.eu\/consumers\/odr<\/a><br \/>\nUnsere E-Mail-Adresse finden Sie oben im Impressum.<\/p>\n<p>Wir sind nicht bereit oder verpflichtet, an Streitbeilegungsverfahren vor einer Verbraucherschlichtungsstelle teilzunehmen.<\/p>\n<h3>Haftung f\u00fcr Inhalte<\/h3>\n<p>Als Diensteanbieter sind wir gem\u00e4\u00df \u00a7 7 Abs.1 TMG f\u00fcr eigene Inhalte auf diesen Seiten nach den allgemeinen Gesetzen verantwortlich. Nach \u00a7\u00a7 8 bis 10 TMG sind wir als Diensteanbieter jedoch nicht verpflichtet, \u00fcbermittelte oder gespeicherte fremde Informationen zu \u00fcberwachen oder nach Umst\u00e4nden zu forschen, die auf eine rechtswidrige T\u00e4tigkeit hinweisen.<\/p>\n<p>Verpflichtungen zur Entfernung oder Sperrung der Nutzung von Informationen nach den allgemeinen Gesetzen bleiben hiervon unber\u00fchrt. Eine diesbez\u00fcgliche Haftung ist jedoch erst ab dem Zeitpunkt der Kenntnis einer konkreten Rechtsverletzung m\u00f6glich. Bei Bekanntwerden von entsprechenden Rechtsverletzungen werden wir diese Inhalte umgehend entfernen.<\/p>\n<h3>Haftung f\u00fcr Links<\/h3>\n<p>Unser Angebot enth\u00e4lt Links zu externen Websites Dritter, auf deren Inhalte wir keinen Einfluss haben. Deshalb k\u00f6nnen wir f\u00fcr diese fremden Inhalte auch keine Gew\u00e4hr \u00fcbernehmen. F\u00fcr die Inhalte der verlinkten Seiten ist stets der jeweilige Anbieter oder Betreiber der Seiten verantwortlich. Die verlinkten Seiten wurden zum Zeitpunkt der Verlinkung auf m\u00f6gliche Rechtsverst\u00f6\u00dfe \u00fcberpr\u00fcft. Rechtswidrige Inhalte waren zum Zeitpunkt der Verlinkung nicht erkennbar.<\/p>\n<p>Eine permanente inhaltliche Kontrolle der verlinkten Seiten ist jedoch ohne konkrete Anhaltspunkte einer Rechtsverletzung nicht zumutbar. Bei Bekanntwerden von Rechtsverletzungen werden wir derartige Links umgehend entfernen.<\/p>\n<h3>Urheberrecht<\/h3>\n<p>Die durch die Seitenbetreiber erstellten Inhalte und Werke auf diesen Seiten unterliegen dem deutschen Urheberrecht. Die Vervielf\u00e4ltigung, Bearbeitung, Verbreitung und jede Art der Verwertung au\u00dferhalb der Grenzen des Urheberrechtes bed\u00fcrfen der schriftlichen Zustimmung des jeweiligen Autors bzw. Erstellers. Downloads und Kopien dieser Seite sind nur f\u00fcr den privaten, nicht kommerziellen Gebrauch gestattet.<\/p>\n<p>Soweit die Inhalte auf dieser Seite nicht vom Betreiber erstellt wurden, werden die Urheberrechte Dritter beachtet. Insbesondere werden Inhalte Dritter als solche gekennzeichnet. Sollten Sie trotzdem auf eine Urheberrechtsverletzung aufmerksam werden, bitten wir um einen entsprechenden Hinweis. Bei Bekanntwerden von Rechtsverletzungen werden wir derartige Inhalte umgehend entfernen.<\/p>\n<p>Quelle: <a href=\"https:\/\/www.e-recht24.de\">e-recht24.de<\/a><\/p>\n<\/div><\/div><\/div><\/div><\/div><div class=\"vc_col-sm-6 wpb_column vc_column_container\"><div class=\"vc_column-inner\"><div class=\"wpb_wrapper\"><div class=\"g-cols wpb_row via_flex valign_top type_default stacking_default\"><div class=\"vc_col-sm-12 wpb_column vc_column_container\"><div class=\"vc_column-inner\"><div class=\"wpb_wrapper\"><div class=\"wpb_text_column\"><div class=\"wpb_wrapper\"><h3>Bildmaterial<\/h3>\n<p><img data-recalc-dims=\"1\" loading=\"lazy\" decoding=\"async\" class=\"alignnone size-medium wp-image-6927\" src=\"https:\/\/i0.wp.com\/FrauAndrea.de\/wp-content\/uploads\/2018\/12\/augenscheinlich_fotografie_logo.png?resize=300%2C52&#038;ssl=1\" alt=\"\" width=\"300\" height=\"52\" srcset=\"https:\/\/i0.wp.com\/FrauAndrea.de\/wp-content\/uploads\/2018\/12\/augenscheinlich_fotografie_logo.png?resize=300%2C52&amp;ssl=1 300w, https:\/\/i0.wp.com\/FrauAndrea.de\/wp-content\/uploads\/2018\/12\/augenscheinlich_fotografie_logo.png?resize=1024%2C179&amp;ssl=1 1024w, https:\/\/i0.wp.com\/FrauAndrea.de\/wp-content\/uploads\/2018\/12\/augenscheinlich_fotografie_logo.png?resize=600%2C105&amp;ssl=1 600w, https:\/\/i0.wp.com\/FrauAndrea.de\/wp-content\/uploads\/2018\/12\/augenscheinlich_fotografie_logo.png?resize=287%2C50&amp;ssl=1 287w, https:\/\/i0.wp.com\/FrauAndrea.de\/wp-content\/uploads\/2018\/12\/augenscheinlich_fotografie_logo.png?resize=200%2C35&amp;ssl=1 200w, https:\/\/i0.wp.com\/FrauAndrea.de\/wp-content\/uploads\/2018\/12\/augenscheinlich_fotografie_logo.png?w=1629&amp;ssl=1 1629w\" sizes=\"auto, (max-width: 300px) 100vw, 300px\" \/><\/p>\n<p>Inhaberin: Cindy Tamme<br \/>\nTelefon: 035121910719<br \/>\n<a href=\"mailto:info@augenscheinlich.es\">info@augenscheinlich.es<\/a><br \/>\n<a href=\"http:\/\/www.augenscheinlich.es\" target=\"_blank\" rel=\"noopener noreferrer\">www.augenscheinlich.es<\/a><\/p>\n<p>Hochzeitsfotografie, Familienfotografie, Kinderfotografie und Businessfotografie<\/p>\n<\/div><\/div><\/div><\/div><\/div><\/div><div class=\"w-separator size_large with_line width_default thick_1 style_solid color_border align_center\"><div class=\"w-separator-h\"><\/div><\/div><div class=\"g-cols wpb_row via_flex valign_top type_default stacking_default\"><div class=\"vc_col-sm-12 wpb_column vc_column_container\"><div class=\"vc_column-inner\"><div class=\"wpb_wrapper\"><div class=\"wpb_text_column\"><div class=\"wpb_wrapper\"><h3>Webdesign &amp; Producing<\/h3>\n<h4><img data-recalc-dims=\"1\" loading=\"lazy\" decoding=\"async\" class=\"wp-image-6923 alignnone\" src=\"https:\/\/i0.wp.com\/FrauAndrea.de\/wp-content\/uploads\/2018\/12\/logo-medienDesigner-03-e1469553617729-300x100.png?resize=225%2C75&#038;ssl=1\" alt=\"\" width=\"225\" height=\"75\" srcset=\"https:\/\/i0.wp.com\/FrauAndrea.de\/wp-content\/uploads\/2018\/12\/logo-medienDesigner-03-e1469553617729.png?resize=300%2C100&amp;ssl=1 300w, https:\/\/i0.wp.com\/FrauAndrea.de\/wp-content\/uploads\/2018\/12\/logo-medienDesigner-03-e1469553617729.png?resize=150%2C50&amp;ssl=1 150w, https:\/\/i0.wp.com\/FrauAndrea.de\/wp-content\/uploads\/2018\/12\/logo-medienDesigner-03-e1469553617729.png?w=449&amp;ssl=1 449w, https:\/\/i0.wp.com\/FrauAndrea.de\/wp-content\/uploads\/2018\/12\/logo-medienDesigner-03-e1469553617729.png?resize=200%2C67&amp;ssl=1 200w\" sizes=\"auto, (max-width: 225px) 100vw, 225px\" \/><\/h4>\n<p><strong><em>medien<\/em><\/strong>Design<br \/>\nIngo Wiederhold<br \/>\nL\u00fchneburger Str. 13<br \/>\n39106 Magdeburg<\/p>\n<p><i class=\"wp-svg-phone phone\"><\/i> Telefon: 03 91 \/ 40 59 64 78<br \/>\n<i class=\"wp-svg-print print\"><\/i> Telefax: 03 91 \/ 40 59 64 79<br \/>\n<i class=\"wp-svg-mobile mobile\"><\/i> Mobil: 01 72 \/ 41 21 358<\/p>\n<p>Internet: <a href=\"https:\/\/ingo-wiederhold.info\" target=\"_blank\" rel=\"noopener noreferrer\">ingo-wiederhold.de<\/a><br \/>\neMail: <a href=\"mailto:Ingo.Wiederhold@gmail.com\">Ingo.Wiederhold@gmail.com<\/a><\/p>\n<div class=\"space_20 clearfix\"><\/div>\n<\/div><\/div><\/div><\/div><\/div><\/div><\/div><\/div><\/div><\/div><\/div><\/section>\n<\/div><\/div><\/div><\/div><\/div><\/section>\n","protected":false},"excerpt":{"rendered":"Impressum Angaben gem\u00e4\u00df \u00a7 5 TMG: Andrea M\u00fcller Gutenbergstra\u00dfe 91 01689 Weinb\u00f6hla Kontakt: Telefon: +49\u00a0(0) 151 4053 1776 E-Mail: hallo@frauandrea.de Umsatzsteuer: Umsatzsteuer-Identifikationsnummer gem\u00e4\u00df \u00a727 a Steuernummer: 209\/251\/05954 Streitschlichtung Die Europ\u00e4ische Kommission stellt eine Plattform zur Online-Streitbeilegung (OS) bereit: https:\/\/ec.europa.eu\/consumers\/odr Unsere E-Mail-Adresse finden Sie oben im Impressum. Wir sind nicht bereit oder verpflichtet, an Streitbeilegungsverfahren vor...","protected":false},"author":1,"featured_media":7581,"parent":0,"menu_order":0,"comment_status":"closed","ping_status":"closed","template":"","meta":{"inline_featured_image":false,"_exactmetrics_skip_tracking":false,"_exactmetrics_sitenote_active":false,"_exactmetrics_sitenote_note":"","_exactmetrics_sitenote_category":0,"footnotes":""},"class_list":["post-6353","page","type-page","status-publish","has-post-thumbnail","hentry"],"yoast_head":"<!-- This site is optimized with the Yoast SEO plugin v27.2 - https:\/\/yoast.com\/product\/yoast-seo-wordpress\/ -->\n<title>Impressum - FrauAndrea \u2013 Hereinspaziert und mitgelacht \u2013 Comedy vom Feinsten \u2013 Elegant, Energiegeladen, Einzigartig<\/title>\n<meta name=\"description\" content=\"Als Diensteanbieter sind wir gem\u00e4\u00df \u00a7 7 Abs.1 TMG f\u00fcr eigene Inhalte auf diesen Seiten nach den allgemeinen Gesetzen verantwortlich.\" \/>\n<meta name=\"robots\" content=\"index, follow, max-snippet:-1, max-image-preview:large, max-video-preview:-1\" \/>\n<link rel=\"canonical\" href=\"https:\/\/FrauAndrea.de\/?page_id=6353\" \/>\n<meta property=\"og:locale\" content=\"de_DE\" \/>\n<meta property=\"og:type\" content=\"article\" \/>\n<meta property=\"og:title\" content=\"Impressum - FrauAndrea \u2013 Hereinspaziert und mitgelacht \u2013 Comedy vom Feinsten \u2013 Elegant, Energiegeladen, Einzigartig\" \/>\n<meta property=\"og:description\" content=\"Als Diensteanbieter sind wir gem\u00e4\u00df \u00a7 7 Abs.1 TMG f\u00fcr eigene Inhalte auf diesen Seiten nach den allgemeinen Gesetzen verantwortlich.\" \/>\n<meta property=\"og:url\" content=\"https:\/\/FrauAndrea.de\/?page_id=6353\" \/>\n<meta property=\"og:site_name\" content=\"FrauAndrea \u2013 Hereinspaziert und mitgelacht \u2013 Comedy vom Feinsten \u2013 Elegant, Energiegeladen, Einzigartig\" \/>\n<meta property=\"article:publisher\" content=\"https:\/\/www.facebook.com\/frauandrea.de\" \/>\n<meta property=\"article:modified_time\" content=\"2021-03-04T17:38:03+00:00\" \/>\n<meta property=\"og:image\" content=\"https:\/\/FrauAndrea.de\/wp-content\/uploads\/2020\/11\/FrauAndrea-Solo-02.jpeg\" \/>\n\t<meta property=\"og:image:width\" content=\"640\" \/>\n\t<meta property=\"og:image:height\" content=\"427\" \/>\n\t<meta property=\"og:image:type\" content=\"image\/jpeg\" \/>\n<meta name=\"twitter:card\" content=\"summary_large_image\" \/>\n<meta name=\"twitter:label1\" content=\"Gesch\u00e4tzte Lesezeit\" \/>\n\t<meta name=\"twitter:data1\" content=\"1\u00a0Minute\" \/>\n<script type=\"application\/ld+json\" class=\"yoast-schema-graph\">{\"@context\":\"https:\/\/schema.org\",\"@graph\":[{\"@type\":\"WebPage\",\"@id\":\"https:\/\/FrauAndrea.de\/?page_id=6353\",\"url\":\"https:\/\/FrauAndrea.de\/?page_id=6353\",\"name\":\"Impressum - FrauAndrea \u2013 Hereinspaziert und mitgelacht \u2013 Comedy vom Feinsten \u2013 Elegant, Energiegeladen, Einzigartig\",\"isPartOf\":{\"@id\":\"https:\/\/FrauAndrea.de\/#website\"},\"primaryImageOfPage\":{\"@id\":\"https:\/\/FrauAndrea.de\/?page_id=6353#primaryimage\"},\"image\":{\"@id\":\"https:\/\/FrauAndrea.de\/?page_id=6353#primaryimage\"},\"thumbnailUrl\":\"https:\/\/i0.wp.com\/FrauAndrea.de\/wp-content\/uploads\/2020\/11\/FrauAndrea-Solo-02.jpeg?fit=640%2C427&ssl=1\",\"datePublished\":\"2018-07-12T13:05:21+00:00\",\"dateModified\":\"2021-03-04T17:38:03+00:00\",\"description\":\"Als Diensteanbieter sind wir gem\u00e4\u00df \u00a7 7 Abs.1 TMG f\u00fcr eigene Inhalte auf diesen Seiten nach den allgemeinen Gesetzen verantwortlich.\",\"breadcrumb\":{\"@id\":\"https:\/\/FrauAndrea.de\/?page_id=6353#breadcrumb\"},\"inLanguage\":\"de\",\"potentialAction\":[{\"@type\":\"ReadAction\",\"target\":[\"https:\/\/FrauAndrea.de\/?page_id=6353\"]}]},{\"@type\":\"ImageObject\",\"inLanguage\":\"de\",\"@id\":\"https:\/\/FrauAndrea.de\/?page_id=6353#primaryimage\",\"url\":\"https:\/\/i0.wp.com\/FrauAndrea.de\/wp-content\/uploads\/2020\/11\/FrauAndrea-Solo-02.jpeg?fit=640%2C427&ssl=1\",\"contentUrl\":\"https:\/\/i0.wp.com\/FrauAndrea.de\/wp-content\/uploads\/2020\/11\/FrauAndrea-Solo-02.jpeg?fit=640%2C427&ssl=1\",\"width\":640,\"height\":427},{\"@type\":\"BreadcrumbList\",\"@id\":\"https:\/\/FrauAndrea.de\/?page_id=6353#breadcrumb\",\"itemListElement\":[{\"@type\":\"ListItem\",\"position\":1,\"name\":\"Startseite\",\"item\":\"https:\/\/FrauAndrea.de\/\"},{\"@type\":\"ListItem\",\"position\":2,\"name\":\"Impressum\"}]},{\"@type\":\"WebSite\",\"@id\":\"https:\/\/FrauAndrea.de\/#website\",\"url\":\"https:\/\/FrauAndrea.de\/\",\"name\":\"FrauAndrea \u2013 Hereinspaziert und mitgelacht \u2013 Comedy vom Feinsten \u2013 Elegant, Energiegeladen, Einzigartig\",\"description\":\"Starke Weiber d\u00fcrfen mehr - FrauAndrea. Als eine Frau mit gro\u00dfem Herzen und noch gr\u00f6\u00dferer Klappe spreche ich mit euch \u00fcber meine zwei Di\u00e4ten. Von einer werde ich ja nicht satt.\",\"potentialAction\":[{\"@type\":\"SearchAction\",\"target\":{\"@type\":\"EntryPoint\",\"urlTemplate\":\"https:\/\/FrauAndrea.de\/?s={search_term_string}\"},\"query-input\":{\"@type\":\"PropertyValueSpecification\",\"valueRequired\":true,\"valueName\":\"search_term_string\"}}],\"inLanguage\":\"de\"}]}<\/script>\n<!-- \/ Yoast SEO plugin. -->","yoast_head_json":{"title":"Impressum - FrauAndrea \u2013 Hereinspaziert und mitgelacht \u2013 Comedy vom Feinsten \u2013 Elegant, Energiegeladen, Einzigartig","description":"Als Diensteanbieter sind wir gem\u00e4\u00df \u00a7 7 Abs.1 TMG f\u00fcr eigene Inhalte auf diesen Seiten nach den allgemeinen Gesetzen verantwortlich.","robots":{"index":"index","follow":"follow","max-snippet":"max-snippet:-1","max-image-preview":"max-image-preview:large","max-video-preview":"max-video-preview:-1"},"canonical":"https:\/\/FrauAndrea.de\/?page_id=6353","og_locale":"de_DE","og_type":"article","og_title":"Impressum - FrauAndrea \u2013 Hereinspaziert und mitgelacht \u2013 Comedy vom Feinsten \u2013 Elegant, Energiegeladen, Einzigartig","og_description":"Als Diensteanbieter sind wir gem\u00e4\u00df \u00a7 7 Abs.1 TMG f\u00fcr eigene Inhalte auf diesen Seiten nach den allgemeinen Gesetzen verantwortlich.","og_url":"https:\/\/FrauAndrea.de\/?page_id=6353","og_site_name":"FrauAndrea \u2013 Hereinspaziert und mitgelacht \u2013 Comedy vom Feinsten \u2013 Elegant, Energiegeladen, Einzigartig","article_publisher":"https:\/\/www.facebook.com\/frauandrea.de","article_modified_time":"2021-03-04T17:38:03+00:00","og_image":[{"width":640,"height":427,"url":"https:\/\/FrauAndrea.de\/wp-content\/uploads\/2020\/11\/FrauAndrea-Solo-02.jpeg","type":"image\/jpeg"}],"twitter_card":"summary_large_image","twitter_misc":{"Gesch\u00e4tzte Lesezeit":"1\u00a0Minute"},"schema":{"@context":"https:\/\/schema.org","@graph":[{"@type":"WebPage","@id":"https:\/\/FrauAndrea.de\/?page_id=6353","url":"https:\/\/FrauAndrea.de\/?page_id=6353","name":"Impressum - FrauAndrea \u2013 Hereinspaziert und mitgelacht \u2013 Comedy vom Feinsten \u2013 Elegant, Energiegeladen, Einzigartig","isPartOf":{"@id":"https:\/\/FrauAndrea.de\/#website"},"primaryImageOfPage":{"@id":"https:\/\/FrauAndrea.de\/?page_id=6353#primaryimage"},"image":{"@id":"https:\/\/FrauAndrea.de\/?page_id=6353#primaryimage"},"thumbnailUrl":"https:\/\/i0.wp.com\/FrauAndrea.de\/wp-content\/uploads\/2020\/11\/FrauAndrea-Solo-02.jpeg?fit=640%2C427&ssl=1","datePublished":"2018-07-12T13:05:21+00:00","dateModified":"2021-03-04T17:38:03+00:00","description":"Als Diensteanbieter sind wir gem\u00e4\u00df \u00a7 7 Abs.1 TMG f\u00fcr eigene Inhalte auf diesen Seiten nach den allgemeinen Gesetzen verantwortlich.","breadcrumb":{"@id":"https:\/\/FrauAndrea.de\/?page_id=6353#breadcrumb"},"inLanguage":"de","potentialAction":[{"@type":"ReadAction","target":["https:\/\/FrauAndrea.de\/?page_id=6353"]}]},{"@type":"ImageObject","inLanguage":"de","@id":"https:\/\/FrauAndrea.de\/?page_id=6353#primaryimage","url":"https:\/\/i0.wp.com\/FrauAndrea.de\/wp-content\/uploads\/2020\/11\/FrauAndrea-Solo-02.jpeg?fit=640%2C427&ssl=1","contentUrl":"https:\/\/i0.wp.com\/FrauAndrea.de\/wp-content\/uploads\/2020\/11\/FrauAndrea-Solo-02.jpeg?fit=640%2C427&ssl=1","width":640,"height":427},{"@type":"BreadcrumbList","@id":"https:\/\/FrauAndrea.de\/?page_id=6353#breadcrumb","itemListElement":[{"@type":"ListItem","position":1,"name":"Startseite","item":"https:\/\/FrauAndrea.de\/"},{"@type":"ListItem","position":2,"name":"Impressum"}]},{"@type":"WebSite","@id":"https:\/\/FrauAndrea.de\/#website","url":"https:\/\/FrauAndrea.de\/","name":"FrauAndrea \u2013 Hereinspaziert und mitgelacht \u2013 Comedy vom Feinsten \u2013 Elegant, Energiegeladen, Einzigartig","description":"Starke Weiber d\u00fcrfen mehr - FrauAndrea. Als eine Frau mit gro\u00dfem Herzen und noch gr\u00f6\u00dferer Klappe spreche ich mit euch \u00fcber meine zwei Di\u00e4ten. Von einer werde ich ja nicht satt.","potentialAction":[{"@type":"SearchAction","target":{"@type":"EntryPoint","urlTemplate":"https:\/\/FrauAndrea.de\/?s={search_term_string}"},"query-input":{"@type":"PropertyValueSpecification","valueRequired":true,"valueName":"search_term_string"}}],"inLanguage":"de"}]}},"jetpack_shortlink":"https:\/\/wp.me\/PcxgVh-1Et","jetpack_sharing_enabled":true,"_links":{"self":[{"href":"https:\/\/FrauAndrea.de\/index.php?rest_route=\/wp\/v2\/pages\/6353","targetHints":{"allow":["GET"]}}],"collection":[{"href":"https:\/\/FrauAndrea.de\/index.php?rest_route=\/wp\/v2\/pages"}],"about":[{"href":"https:\/\/FrauAndrea.de\/index.php?rest_route=\/wp\/v2\/types\/page"}],"author":[{"embeddable":true,"href":"https:\/\/FrauAndrea.de\/index.php?rest_route=\/wp\/v2\/users\/1"}],"replies":[{"embeddable":true,"href":"https:\/\/FrauAndrea.de\/index.php?rest_route=%2Fwp%2Fv2%2Fcomments&post=6353"}],"version-history":[{"count":26,"href":"https:\/\/FrauAndrea.de\/index.php?rest_route=\/wp\/v2\/pages\/6353\/revisions"}],"predecessor-version":[{"id":7612,"href":"https:\/\/FrauAndrea.de\/index.php?rest_route=\/wp\/v2\/pages\/6353\/revisions\/7612"}],"wp:featuredmedia":[{"embeddable":true,"href":"https:\/\/FrauAndrea.de\/index.php?rest_route=\/wp\/v2\/media\/7581"}],"wp:attachment":[{"href":"https:\/\/FrauAndrea.de\/index.php?rest_route=%2Fwp%2Fv2%2Fmedia&parent=6353"}],"curies":[{"name":"wp","href":"https:\/\/api.w.org\/{rel}","templated":true}]}}