{"id":8193,"date":"2018-07-12T15:05:21","date_gmt":"2018-07-12T13:05:21","guid":{"rendered":"https:\/\/FrauAndrea.de\/?page_id=8193"},"modified":"2021-05-13T00:12:50","modified_gmt":"2021-05-12T22:12:50","slug":"impressum-2-3","status":"publish","type":"page","link":"https:\/\/FrauAndrea.de\/?page_id=8193","title":{"rendered":"Gratis E-Book"},"content":{"rendered":"<section class=\"l-section wpb_row height_medium\"><div class=\"l-section-h i-cf\"><div class=\"g-cols vc_row via_flex valign_top type_default stacking_default\"><div class=\"vc_col-sm-6 wpb_column vc_column_container\"><div class=\"vc_column-inner\"><div class=\"wpb_wrapper\"><div class=\"w-image align_left\"><div class=\"w-image-h\"><img decoding=\"async\" width=\"1346\" height=\"2466\" src=\"https:\/\/i0.wp.com\/FrauAndrea.de\/wp-content\/uploads\/2021\/03\/iPad-eBook.jpg?fit=1346%2C2466&amp;ssl=1\" class=\"attachment-full size-full\" alt=\"\" loading=\"lazy\" srcset=\"https:\/\/i0.wp.com\/FrauAndrea.de\/wp-content\/uploads\/2021\/03\/iPad-eBook.jpg?w=1346&amp;ssl=1 1346w, https:\/\/i0.wp.com\/FrauAndrea.de\/wp-content\/uploads\/2021\/03\/iPad-eBook.jpg?resize=164%2C300&amp;ssl=1 164w, https:\/\/i0.wp.com\/FrauAndrea.de\/wp-content\/uploads\/2021\/03\/iPad-eBook.jpg?resize=559%2C1024&amp;ssl=1 559w, https:\/\/i0.wp.com\/FrauAndrea.de\/wp-content\/uploads\/2021\/03\/iPad-eBook.jpg?resize=600%2C1099&amp;ssl=1 600w, https:\/\/i0.wp.com\/FrauAndrea.de\/wp-content\/uploads\/2021\/03\/iPad-eBook.jpg?resize=27%2C50&amp;ssl=1 27w, https:\/\/i0.wp.com\/FrauAndrea.de\/wp-content\/uploads\/2021\/03\/iPad-eBook.jpg?resize=109%2C200&amp;ssl=1 109w, https:\/\/i0.wp.com\/FrauAndrea.de\/wp-content\/uploads\/2021\/03\/iPad-eBook.jpg?resize=1320%2C2418&amp;ssl=1 1320w\" sizes=\"auto, (max-width: 1200px) 100vw, 1200px\" \/><\/div><\/div><\/div><\/div><\/div><div class=\"vc_col-sm-6 wpb_column vc_column_container\"><div class=\"vc_column-inner\"><div class=\"wpb_wrapper\"><div class=\"w-separator size_medium\"><\/div><div class=\"wpb_text_column us_custom_e181f91a has_text_color\"><div class=\"wpb_wrapper\"><p>Mein pers\u00f6nliches Geschenk an Dich.<\/p>\n<\/div><\/div><div class=\"wpb_text_column\"><div class=\"wpb_wrapper\"><h3>Weil Du es Dir wert bist<\/h3>\n<\/div><\/div><div class=\"wpb_text_column us_custom_09017507 has_text_color\"><div class=\"wpb_wrapper\"><h2>Drei \u00dcbungen zur St\u00e4rkung Deiner Selbstliebe.<\/h2>\n<\/div><\/div><div class=\"wpb_text_column\"><div class=\"wpb_wrapper\"><h4>Sichere dir jetzt dein Exemplar!<\/h4>\n<\/div><\/div><div class=\"wpb_text_column\"><div class=\"wpb_wrapper\"><p>einfach nur das folgende Formular ausf\u00fcllen &#8230;.<\/p>\n<\/div><\/div><div class=\"wpb_text_column us_custom_9cf2ff42 has_text_color\"><div class=\"wpb_wrapper\"><p>Herzlichst Deine Andrea<\/p>\n<\/div><\/div><div class=\"w-separator size_medium\"><\/div><div class=\"g-cols wpb_row us_custom_cb930a70 via_flex valign_top type_default stacking_default\"><div class=\"vc_col-sm-12 wpb_column vc_column_container has_bg_color\"><div class=\"vc_column-inner us_custom_4ede8b67\"><div class=\"wpb_wrapper\"><div class=\"wpb_text_column\"><div class=\"wpb_wrapper\">  \n  \n  <div class=\"\n    mailpoet_form_popup_overlay\n      \"><\/div>\n  <div\n    id=\"mailpoet_form_2\"\n    class=\"\n      mailpoet_form\n      mailpoet_form_shortcode\n      mailpoet_form_position_\n      mailpoet_form_animation_\n    \"\n      >\n\n    <style type=\"text\/css\">\n     #mailpoet_form_2 .mailpoet_form {  }\n#mailpoet_form_2 .mailpoet_column_with_background { padding: 10px; }\n#mailpoet_form_2 .mailpoet_form_column:not(:first-child) { margin-left: 20px; }\n#mailpoet_form_2 .mailpoet_paragraph { line-height: 20px; margin-bottom: 20px; }\n#mailpoet_form_2 .mailpoet_segment_label, #mailpoet_form_2 .mailpoet_text_label, #mailpoet_form_2 .mailpoet_textarea_label, #mailpoet_form_2 .mailpoet_select_label, #mailpoet_form_2 .mailpoet_radio_label, #mailpoet_form_2 .mailpoet_checkbox_label, #mailpoet_form_2 .mailpoet_list_label, #mailpoet_form_2 .mailpoet_date_label { display: block; font-weight: normal; }\n#mailpoet_form_2 .mailpoet_text, #mailpoet_form_2 .mailpoet_textarea, #mailpoet_form_2 .mailpoet_select, #mailpoet_form_2 .mailpoet_date_month, #mailpoet_form_2 .mailpoet_date_day, #mailpoet_form_2 .mailpoet_date_year, #mailpoet_form_2 .mailpoet_date { display: block; }\n#mailpoet_form_2 .mailpoet_text, #mailpoet_form_2 .mailpoet_textarea { width: 200px; }\n#mailpoet_form_2 .mailpoet_checkbox {  }\n#mailpoet_form_2 .mailpoet_submit {  }\n#mailpoet_form_2 .mailpoet_divider {  }\n#mailpoet_form_2 .mailpoet_message {  }\n#mailpoet_form_2 .mailpoet_form_loading { width: 30px; text-align: center; line-height: normal; }\n#mailpoet_form_2 .mailpoet_form_loading > span { width: 5px; height: 5px; background-color: #5b5b5b; }#mailpoet_form_2{border-radius: 0px;text-align: left;}#mailpoet_form_2 form.mailpoet_form {padding: 20px;}#mailpoet_form_2{width: 100%;}#mailpoet_form_2 .mailpoet_message {margin: 0; padding: 0 20px;}#mailpoet_form_2 .mailpoet_paragraph.last {margin-bottom: 0} @media (max-width: 500px) {#mailpoet_form_2 {background-image: none;}} @media (min-width: 500px) {#mailpoet_form_2 .last .mailpoet_paragraph:last-child {margin-bottom: 0}}  @media (max-width: 500px) {#mailpoet_form_2 .mailpoet_form_column:last-child .mailpoet_paragraph:last-child {margin-bottom: 0}} \n    <\/style>\n\n    <form\n      target=\"_self\"\n      method=\"post\"\n      action=\"https:\/\/FrauAndrea.de\/wp-admin\/admin-post.php?action=mailpoet_subscription_form\"\n      class=\"mailpoet_form mailpoet_form_form mailpoet_form_shortcode\"\n      novalidate\n      data-delay=\"\"\n      data-exit-intent-enabled=\"\"\n      data-font-family=\"\"\n      data-cookie-expiration-time=\"\"\n    >\n      <input type=\"hidden\" name=\"data[form_id]\" value=\"2\" \/>\n      <input type=\"hidden\" name=\"token\" value=\"884433e0be\" \/>\n      <input type=\"hidden\" name=\"api_version\" value=\"v1\" \/>\n      <input type=\"hidden\" name=\"endpoint\" value=\"subscribers\" \/>\n      <input type=\"hidden\" name=\"mailpoet_method\" value=\"subscribe\" \/>\n\n      <label class=\"mailpoet_hp_email_label\" style=\"display: none !important;\">Bitte dieses Feld leer lassen<input type=\"email\" name=\"data[email]\"\/><\/label><div class=\"mailpoet_paragraph \"><input type=\"text\" autocomplete=\"given-name\" class=\"mailpoet_text\" id=\"form_first_name_2\" name=\"data[form_field_MjcwNjhlZjVkMWE1X2ZpcnN0X25hbWU=]\" title=\"Dein Vorname\" value=\"\" style=\"width:100%;box-sizing:border-box;padding:5px;margin: 0 auto 0 0;\" data-automation-id=\"form_first_name\"  placeholder=\"Dein Vorname *\" aria-label=\"Dein Vorname *\" data-parsley-errors-container=\".mailpoet_error_1ayvh\" data-parsley-names='[&quot;Bitte gib einen g\u00fcltigen Namen an.&quot;,&quot;Adressen in Namen sind nicht erlaubt, bitte f\u00fcge stattdessen deinen Namen hinzu.&quot;]' data-parsley-required=\"true\" required aria-required=\"true\" data-parsley-required-message=\"Dieses Feld wird ben\u00f6tigt.\"\/><span class=\"mailpoet_error_1ayvh\"><\/span><\/div>\n<div class=\"mailpoet_paragraph \"><input type=\"email\" autocomplete=\"email\" class=\"mailpoet_text\" id=\"form_email_2\" name=\"data[form_field_ZjUwYmYxZmMwZWRjX2VtYWls]\" title=\"Deine E-Mail-Adresse\" value=\"\" style=\"width:100%;box-sizing:border-box;padding:5px;margin: 0 auto 0 0;\" data-automation-id=\"form_email\"  placeholder=\"Deine E-Mail-Adresse *\" aria-label=\"Deine E-Mail-Adresse *\" data-parsley-errors-container=\".mailpoet_error_xei6c\" data-parsley-required=\"true\" required aria-required=\"true\" data-parsley-minlength=\"6\" data-parsley-maxlength=\"150\" data-parsley-type-message=\"Dieser Wert sollte eine g\u00fcltige E-Mail-Adresse sein.\" data-parsley-required-message=\"Dieses Feld wird ben\u00f6tigt.\"\/><span class=\"mailpoet_error_xei6c\"><\/span><\/div>\n<div class=\"mailpoet_paragraph \"><fieldset><input type=\"hidden\" value=\"1\"  name=\"data[cf_4]\" \/><label class=\"mailpoet_checkbox_label\" for=\"mailpoet_checkbox_1\" ><input type=\"checkbox\" class=\"mailpoet_checkbox\" id=\"mailpoet_checkbox_1\" name=\"data[cf_4]\" value=\"1\" data-parsley-errors-container=\".mailpoet_error_4edgv\" data-parsley-required=\"true\" required aria-required=\"true\" data-parsley-required-message=\"Dieses Feld wird ben\u00f6tigt.\" data-parsley-group=\"custom_field_4\" \/> Ich akzeptiere die geltende Datenschutzrichtlinie.<\/label><\/fieldset><span class=\"mailpoet_error_4edgv\"><\/span><\/div>\n<div class=\"mailpoet_paragraph \"><input type=\"submit\" class=\"mailpoet_submit\" value=\"Gratis Download\" data-automation-id=\"subscribe-submit-button\" style=\"width:100%;box-sizing:border-box;background-color:#92ab00;border-style:solid;border-radius:10px !important;border-width:1px;padding:13px;margin: 0 auto 0 0;color:#ffffff;border-color:transparent;\" \/><span class=\"mailpoet_form_loading\"><span class=\"mailpoet_bounce1\"><\/span><span class=\"mailpoet_bounce2\"><\/span><span class=\"mailpoet_bounce3\"><\/span><\/span><\/div>\n\n      <div class=\"mailpoet_message\">\n        <p class=\"mailpoet_validate_success\"\n                style=\"display:none;\"\n                >Pr\u00fcfe deinen Posteingang oder Spam-Ordner, um dein Abonnement zu best\u00e4tigen.\n        <\/p>\n        <p class=\"mailpoet_validate_error\"\n                style=\"display:none;\"\n                >        <\/p>\n      <\/div>\n    <\/form>\n\n      <\/div>\n\n  \n<\/div><\/div><div class=\"wpb_text_column us_custom_59a9e732\"><div class=\"wpb_wrapper\"><p>Hinweis zum Abschicken: Du musst bitte der <a href=\"\/?page_id=7840\">Datenschutzerkl\u00e4rung<\/a> zustimmen. Ohne Zustimmung l\u00e4sst sich das Formular nicht versenden.<\/p>\n<\/div><\/div><\/div><\/div><\/div><\/div><div class=\"w-separator size_huge\"><\/div><\/div><\/div><\/div><\/div><\/div><\/section>\n","protected":false},"excerpt":{"rendered":"Mein pers\u00f6nliches Geschenk an Dich. Weil Du es Dir wert bist Drei \u00dcbungen zur St\u00e4rkung Deiner Selbstliebe. Sichere dir jetzt dein Exemplar! einfach nur das folgende Formular ausf\u00fcllen &#8230;. Herzlichst Deine Andrea Bitte dieses Feld leer lassen Ich akzeptiere die geltende Datenschutzrichtlinie. Pr\u00fcfe deinen Posteingang oder Spam-Ordner, um dein Abonnement zu best\u00e4tigen. Hinweis zum Abschicken:...","protected":false},"author":1,"featured_media":7581,"parent":0,"menu_order":0,"comment_status":"closed","ping_status":"closed","template":"","meta":{"inline_featured_image":false,"_exactmetrics_skip_tracking":false,"_exactmetrics_sitenote_active":false,"_exactmetrics_sitenote_note":"","_exactmetrics_sitenote_category":0,"footnotes":""},"class_list":["post-8193","page","type-page","status-publish","has-post-thumbnail","hentry"],"yoast_head":"<!-- This site is optimized with the Yoast SEO plugin v27.2 - https:\/\/yoast.com\/product\/yoast-seo-wordpress\/ -->\n<title>Gratis E-Book - FrauAndrea \u2013 Hereinspaziert und mitgelacht \u2013 Comedy vom Feinsten \u2013 Elegant, Energiegeladen, Einzigartig<\/title>\n<meta name=\"description\" content=\"Mein pers\u00f6nliches Geschenk an Dich. Weil Du es Dir wert bist. Sichere dir jetzt dein Exemplar mit nur ein paar wenigen Klicks, traue Dich jetzt ....\" \/>\n<meta name=\"robots\" content=\"index, follow, max-snippet:-1, max-image-preview:large, max-video-preview:-1\" \/>\n<link rel=\"canonical\" href=\"https:\/\/FrauAndrea.de\/?page_id=8193\" \/>\n<meta property=\"og:locale\" content=\"de_DE\" \/>\n<meta property=\"og:type\" content=\"article\" \/>\n<meta property=\"og:title\" content=\"Gratis E-Book - FrauAndrea \u2013 Hereinspaziert und mitgelacht \u2013 Comedy vom Feinsten \u2013 Elegant, Energiegeladen, Einzigartig\" \/>\n<meta property=\"og:description\" content=\"Mein pers\u00f6nliches Geschenk an Dich. Weil Du es Dir wert bist. Sichere dir jetzt dein Exemplar mit nur ein paar wenigen Klicks, traue Dich jetzt ....\" \/>\n<meta property=\"og:url\" content=\"https:\/\/FrauAndrea.de\/?page_id=8193\" \/>\n<meta property=\"og:site_name\" content=\"FrauAndrea \u2013 Hereinspaziert und mitgelacht \u2013 Comedy vom Feinsten \u2013 Elegant, Energiegeladen, Einzigartig\" \/>\n<meta property=\"article:publisher\" content=\"https:\/\/www.facebook.com\/frauandrea.de\" \/>\n<meta property=\"article:modified_time\" content=\"2021-05-12T22:12:50+00:00\" \/>\n<meta property=\"og:image\" content=\"https:\/\/FrauAndrea.de\/wp-content\/uploads\/2020\/11\/FrauAndrea-Solo-02.jpeg\" \/>\n\t<meta property=\"og:image:width\" content=\"640\" \/>\n\t<meta property=\"og:image:height\" content=\"427\" \/>\n\t<meta property=\"og:image:type\" content=\"image\/jpeg\" \/>\n<meta name=\"twitter:card\" content=\"summary_large_image\" \/>\n<meta name=\"twitter:label1\" content=\"Gesch\u00e4tzte Lesezeit\" \/>\n\t<meta name=\"twitter:data1\" content=\"1\u00a0Minute\" \/>\n<script type=\"application\/ld+json\" class=\"yoast-schema-graph\">{\"@context\":\"https:\/\/schema.org\",\"@graph\":[{\"@type\":\"WebPage\",\"@id\":\"https:\/\/FrauAndrea.de\/?page_id=8193\",\"url\":\"https:\/\/FrauAndrea.de\/?page_id=8193\",\"name\":\"Gratis E-Book - FrauAndrea \u2013 Hereinspaziert und mitgelacht \u2013 Comedy vom Feinsten \u2013 Elegant, Energiegeladen, Einzigartig\",\"isPartOf\":{\"@id\":\"https:\/\/FrauAndrea.de\/#website\"},\"primaryImageOfPage\":{\"@id\":\"https:\/\/FrauAndrea.de\/?page_id=8193#primaryimage\"},\"image\":{\"@id\":\"https:\/\/FrauAndrea.de\/?page_id=8193#primaryimage\"},\"thumbnailUrl\":\"https:\/\/i0.wp.com\/FrauAndrea.de\/wp-content\/uploads\/2020\/11\/FrauAndrea-Solo-02.jpeg?fit=640%2C427&ssl=1\",\"datePublished\":\"2018-07-12T13:05:21+00:00\",\"dateModified\":\"2021-05-12T22:12:50+00:00\",\"description\":\"Mein pers\u00f6nliches Geschenk an Dich. Weil Du es Dir wert bist. Sichere dir jetzt dein Exemplar mit nur ein paar wenigen Klicks, traue Dich jetzt ....\",\"breadcrumb\":{\"@id\":\"https:\/\/FrauAndrea.de\/?page_id=8193#breadcrumb\"},\"inLanguage\":\"de\",\"potentialAction\":[{\"@type\":\"ReadAction\",\"target\":[\"https:\/\/FrauAndrea.de\/?page_id=8193\"]}]},{\"@type\":\"ImageObject\",\"inLanguage\":\"de\",\"@id\":\"https:\/\/FrauAndrea.de\/?page_id=8193#primaryimage\",\"url\":\"https:\/\/i0.wp.com\/FrauAndrea.de\/wp-content\/uploads\/2020\/11\/FrauAndrea-Solo-02.jpeg?fit=640%2C427&ssl=1\",\"contentUrl\":\"https:\/\/i0.wp.com\/FrauAndrea.de\/wp-content\/uploads\/2020\/11\/FrauAndrea-Solo-02.jpeg?fit=640%2C427&ssl=1\",\"width\":640,\"height\":427},{\"@type\":\"BreadcrumbList\",\"@id\":\"https:\/\/FrauAndrea.de\/?page_id=8193#breadcrumb\",\"itemListElement\":[{\"@type\":\"ListItem\",\"position\":1,\"name\":\"Startseite\",\"item\":\"https:\/\/FrauAndrea.de\/\"},{\"@type\":\"ListItem\",\"position\":2,\"name\":\"Gratis E-Book\"}]},{\"@type\":\"WebSite\",\"@id\":\"https:\/\/FrauAndrea.de\/#website\",\"url\":\"https:\/\/FrauAndrea.de\/\",\"name\":\"FrauAndrea \u2013 Hereinspaziert und mitgelacht \u2013 Comedy vom Feinsten \u2013 Elegant, Energiegeladen, Einzigartig\",\"description\":\"Starke Weiber d\u00fcrfen mehr - FrauAndrea. Als eine Frau mit gro\u00dfem Herzen und noch gr\u00f6\u00dferer Klappe spreche ich mit euch \u00fcber meine zwei Di\u00e4ten. Von einer werde ich ja nicht satt.\",\"potentialAction\":[{\"@type\":\"SearchAction\",\"target\":{\"@type\":\"EntryPoint\",\"urlTemplate\":\"https:\/\/FrauAndrea.de\/?s={search_term_string}\"},\"query-input\":{\"@type\":\"PropertyValueSpecification\",\"valueRequired\":true,\"valueName\":\"search_term_string\"}}],\"inLanguage\":\"de\"}]}<\/script>\n<!-- \/ Yoast SEO plugin. -->","yoast_head_json":{"title":"Gratis E-Book - FrauAndrea \u2013 Hereinspaziert und mitgelacht \u2013 Comedy vom Feinsten \u2013 Elegant, Energiegeladen, Einzigartig","description":"Mein pers\u00f6nliches Geschenk an Dich. Weil Du es Dir wert bist. Sichere dir jetzt dein Exemplar mit nur ein paar wenigen Klicks, traue Dich jetzt ....","robots":{"index":"index","follow":"follow","max-snippet":"max-snippet:-1","max-image-preview":"max-image-preview:large","max-video-preview":"max-video-preview:-1"},"canonical":"https:\/\/FrauAndrea.de\/?page_id=8193","og_locale":"de_DE","og_type":"article","og_title":"Gratis E-Book - FrauAndrea \u2013 Hereinspaziert und mitgelacht \u2013 Comedy vom Feinsten \u2013 Elegant, Energiegeladen, Einzigartig","og_description":"Mein pers\u00f6nliches Geschenk an Dich. Weil Du es Dir wert bist. Sichere dir jetzt dein Exemplar mit nur ein paar wenigen Klicks, traue Dich jetzt ....","og_url":"https:\/\/FrauAndrea.de\/?page_id=8193","og_site_name":"FrauAndrea \u2013 Hereinspaziert und mitgelacht \u2013 Comedy vom Feinsten \u2013 Elegant, Energiegeladen, Einzigartig","article_publisher":"https:\/\/www.facebook.com\/frauandrea.de","article_modified_time":"2021-05-12T22:12:50+00:00","og_image":[{"width":640,"height":427,"url":"https:\/\/FrauAndrea.de\/wp-content\/uploads\/2020\/11\/FrauAndrea-Solo-02.jpeg","type":"image\/jpeg"}],"twitter_card":"summary_large_image","twitter_misc":{"Gesch\u00e4tzte Lesezeit":"1\u00a0Minute"},"schema":{"@context":"https:\/\/schema.org","@graph":[{"@type":"WebPage","@id":"https:\/\/FrauAndrea.de\/?page_id=8193","url":"https:\/\/FrauAndrea.de\/?page_id=8193","name":"Gratis E-Book - FrauAndrea \u2013 Hereinspaziert und mitgelacht \u2013 Comedy vom Feinsten \u2013 Elegant, Energiegeladen, Einzigartig","isPartOf":{"@id":"https:\/\/FrauAndrea.de\/#website"},"primaryImageOfPage":{"@id":"https:\/\/FrauAndrea.de\/?page_id=8193#primaryimage"},"image":{"@id":"https:\/\/FrauAndrea.de\/?page_id=8193#primaryimage"},"thumbnailUrl":"https:\/\/i0.wp.com\/FrauAndrea.de\/wp-content\/uploads\/2020\/11\/FrauAndrea-Solo-02.jpeg?fit=640%2C427&ssl=1","datePublished":"2018-07-12T13:05:21+00:00","dateModified":"2021-05-12T22:12:50+00:00","description":"Mein pers\u00f6nliches Geschenk an Dich. Weil Du es Dir wert bist. Sichere dir jetzt dein Exemplar mit nur ein paar wenigen Klicks, traue Dich jetzt ....","breadcrumb":{"@id":"https:\/\/FrauAndrea.de\/?page_id=8193#breadcrumb"},"inLanguage":"de","potentialAction":[{"@type":"ReadAction","target":["https:\/\/FrauAndrea.de\/?page_id=8193"]}]},{"@type":"ImageObject","inLanguage":"de","@id":"https:\/\/FrauAndrea.de\/?page_id=8193#primaryimage","url":"https:\/\/i0.wp.com\/FrauAndrea.de\/wp-content\/uploads\/2020\/11\/FrauAndrea-Solo-02.jpeg?fit=640%2C427&ssl=1","contentUrl":"https:\/\/i0.wp.com\/FrauAndrea.de\/wp-content\/uploads\/2020\/11\/FrauAndrea-Solo-02.jpeg?fit=640%2C427&ssl=1","width":640,"height":427},{"@type":"BreadcrumbList","@id":"https:\/\/FrauAndrea.de\/?page_id=8193#breadcrumb","itemListElement":[{"@type":"ListItem","position":1,"name":"Startseite","item":"https:\/\/FrauAndrea.de\/"},{"@type":"ListItem","position":2,"name":"Gratis E-Book"}]},{"@type":"WebSite","@id":"https:\/\/FrauAndrea.de\/#website","url":"https:\/\/FrauAndrea.de\/","name":"FrauAndrea \u2013 Hereinspaziert und mitgelacht \u2013 Comedy vom Feinsten \u2013 Elegant, Energiegeladen, Einzigartig","description":"Starke Weiber d\u00fcrfen mehr - FrauAndrea. Als eine Frau mit gro\u00dfem Herzen und noch gr\u00f6\u00dferer Klappe spreche ich mit euch \u00fcber meine zwei Di\u00e4ten. Von einer werde ich ja nicht satt.","potentialAction":[{"@type":"SearchAction","target":{"@type":"EntryPoint","urlTemplate":"https:\/\/FrauAndrea.de\/?s={search_term_string}"},"query-input":{"@type":"PropertyValueSpecification","valueRequired":true,"valueName":"search_term_string"}}],"inLanguage":"de"}]}},"jetpack_shortlink":"https:\/\/wp.me\/PcxgVh-289","jetpack_sharing_enabled":true,"_links":{"self":[{"href":"https:\/\/FrauAndrea.de\/index.php?rest_route=\/wp\/v2\/pages\/8193","targetHints":{"allow":["GET"]}}],"collection":[{"href":"https:\/\/FrauAndrea.de\/index.php?rest_route=\/wp\/v2\/pages"}],"about":[{"href":"https:\/\/FrauAndrea.de\/index.php?rest_route=\/wp\/v2\/types\/page"}],"author":[{"embeddable":true,"href":"https:\/\/FrauAndrea.de\/index.php?rest_route=\/wp\/v2\/users\/1"}],"replies":[{"embeddable":true,"href":"https:\/\/FrauAndrea.de\/index.php?rest_route=%2Fwp%2Fv2%2Fcomments&post=8193"}],"version-history":[{"count":24,"href":"https:\/\/FrauAndrea.de\/index.php?rest_route=\/wp\/v2\/pages\/8193\/revisions"}],"predecessor-version":[{"id":8198,"href":"https:\/\/FrauAndrea.de\/index.php?rest_route=\/wp\/v2\/pages\/8193\/revisions\/8198"}],"wp:featuredmedia":[{"embeddable":true,"href":"https:\/\/FrauAndrea.de\/index.php?rest_route=\/wp\/v2\/media\/7581"}],"wp:attachment":[{"href":"https:\/\/FrauAndrea.de\/index.php?rest_route=%2Fwp%2Fv2%2Fmedia&parent=8193"}],"curies":[{"name":"wp","href":"https:\/\/api.w.org\/{rel}","templated":true}]}}