{"id":8718,"date":"2018-07-12T15:27:00","date_gmt":"2018-07-12T13:27:00","guid":{"rendered":"https:\/\/FrauAndrea.de\/?page_id=8718"},"modified":"2025-06-27T13:54:17","modified_gmt":"2025-06-27T11:54:17","slug":"starke-weiber-duerfen-mehr-2-3-2","status":"publish","type":"page","link":"https:\/\/FrauAndrea.de\/?page_id=8718","title":{"rendered":"Fundsweiber"},"content":{"rendered":"<section class=\"l-section wpb_row height_medium with_img\"><div class=\"l-section-img\" role=\"img\" aria-label=\"Bild\" data-img-width=\"1800\" data-img-height=\"1200\" style=\"background-image: url(https:\/\/i0.wp.com\/FrauAndrea.de\/wp-content\/uploads\/2018\/07\/titelbild-frauandrea-schokolade.jpg?fit=1800%2C1200&#038;ssl=1);\"><\/div><div class=\"l-section-overlay\" style=\"background:rgba(0,0,0,0.75)\"><\/div><div class=\"l-section-h i-cf\"><div class=\"g-cols vc_row via_flex valign_middle type_default stacking_default\"><div class=\"vc_col-sm-12 wpb_column vc_column_container has_text_color\"><div class=\"vc_column-inner us_custom_6df4bc3a\"><div class=\"wpb_wrapper\"><div class=\"wpb_text_column\"><div class=\"wpb_wrapper\"><h1>Fundsweiber<\/h1>\n<\/div><\/div><\/div><\/div><\/div><\/div><\/div><\/section><section class=\"l-section wpb_row us_custom_0b39d0f5 has_text_color height_medium\"><div class=\"l-section-h i-cf\"><div class=\"g-cols vc_row via_flex valign_top type_default stacking_default\"><div class=\"vc_col-sm-12 wpb_column vc_column_container\"><div class=\"vc_column-inner\"><div class=\"wpb_wrapper\"><div class=\"w-separator size_small\"><\/div><section class=\"l-section wpb_row us_custom_94bcc311 has_text_color height_medium\"><div class=\"l-section-h i-cf\"><div class=\"g-cols vc_row via_flex valign_top type_default stacking_default\"><div class=\"vc_col-sm-12 wpb_column vc_column_container\"><div class=\"vc_column-inner\"><div class=\"wpb_wrapper\"><div class=\"g-cols wpb_row via_flex valign_top type_default stacking_default\"><div class=\"vc_col-sm-6 wpb_column vc_column_container\"><div class=\"vc_column-inner\"><div class=\"wpb_wrapper\"><div class=\"w-image us_custom_366e80ec us_animate_this align_center\"><div class=\"w-image-h\"><img decoding=\"async\" width=\"724\" height=\"1024\" src=\"https:\/\/i0.wp.com\/FrauAndrea.de\/wp-content\/uploads\/2025\/06\/Frau-Andrea_Fundsweiber.jpg?fit=724%2C1024&amp;ssl=1\" class=\"attachment-large size-large\" alt=\"Fundsweiber\" loading=\"lazy\" srcset=\"https:\/\/i0.wp.com\/FrauAndrea.de\/wp-content\/uploads\/2025\/06\/Frau-Andrea_Fundsweiber.jpg?w=1140&amp;ssl=1 1140w, https:\/\/i0.wp.com\/FrauAndrea.de\/wp-content\/uploads\/2025\/06\/Frau-Andrea_Fundsweiber.jpg?resize=212%2C300&amp;ssl=1 212w, https:\/\/i0.wp.com\/FrauAndrea.de\/wp-content\/uploads\/2025\/06\/Frau-Andrea_Fundsweiber.jpg?resize=724%2C1024&amp;ssl=1 724w, https:\/\/i0.wp.com\/FrauAndrea.de\/wp-content\/uploads\/2025\/06\/Frau-Andrea_Fundsweiber.jpg?resize=600%2C849&amp;ssl=1 600w, https:\/\/i0.wp.com\/FrauAndrea.de\/wp-content\/uploads\/2025\/06\/Frau-Andrea_Fundsweiber.jpg?resize=35%2C50&amp;ssl=1 35w, https:\/\/i0.wp.com\/FrauAndrea.de\/wp-content\/uploads\/2025\/06\/Frau-Andrea_Fundsweiber.jpg?resize=141%2C200&amp;ssl=1 141w\" sizes=\"auto, (max-width: 724px) 100vw, 724px\" \/><\/div><\/div><\/div><\/div><\/div><div class=\"vc_col-sm-6 wpb_column vc_column_container has_text_color\"><div class=\"vc_column-inner us_custom_6df4bc3a\"><div class=\"wpb_wrapper\"><div class=\"wpb_text_column us_custom_e7b2371c has_text_color\"><div class=\"wpb_wrapper\"><h1><span style=\"color: #fded11;\">Fundsweiber<\/span><\/h1>\n<h3><span style=\"color: #fded11;\">Auf dem Weg zum Halleluja<br \/>\nComedy trifft Travestie<\/span><\/h3>\n<p>FrauAndrea hat etwas von Mutti, Ehefrau und Cannon den Barbaren. Sie nimmt sich selbst auf die Schippe ohne sich dabei einen Bruch zu heben.<br \/>\nUnd die Zweite im Bunde k\u00f6nnte ihr Bruder sein. Miss Gloria Vain. Eine Travestiek\u00fcnstlerin, die sich von der exzentrischen Diva Gloria zu Elfriede der Toilettenfrau und zur\u00fcck verwandelt. Sie verzaubert euch mit au\u00dfergew\u00f6hnlichen Kost\u00fcmen, weiblichen Sexappeal und mitrei\u00dfendem Livegesang.<\/p>\n<p>Lassen Sie sich von den zwei Knallerfrauen \u00fcberraschen! Zusammen begeistern sie ihre G\u00e4ste mit Witz, einer bunten Mischung aus Comedy, Travestie und Gesang Machen Sie es sich bequem und lassen Sie sich von der Fundsweibern auf ihren Weg zum Halleluja verzaubern.<\/p>\n<\/div><\/div><div class=\"w-vwrapper align_center valign_top\" style=\"--vwrapper-gap:0rem\"><div class=\"w-separator size_small\"><\/div><div class=\"w-btn-wrapper align_center\"><a class=\"w-btn us-btn-style_8 icon_atright\" target=\"_blank\" href=\"#Termine\"><span class=\"w-btn-label\">Alle Termine<\/span><i class=\"fas fa-caret-right\"><\/i><\/a><\/div><\/div><\/div><\/div><\/div><\/div><\/div><\/div><\/div><\/div><\/div><\/section>\n<\/div><\/div><\/div><\/div><\/div><\/section><section class=\"l-section wpb_row height_medium with_img parallax_ver parallaxdir_reversed\" id=\"Termine\"><div class=\"l-section-img\" role=\"img\" aria-label=\"Bild\" data-img-width=\"1800\" data-img-height=\"1200\" style=\"background-image: url(https:\/\/i0.wp.com\/FrauAndrea.de\/wp-content\/uploads\/2018\/07\/titelbild-vorhang.jpg?fit=1800%2C1200&#038;ssl=1);\"><\/div><div class=\"l-section-h i-cf\"><div class=\"g-cols vc_row via_flex valign_top type_default stacking_default\"><div class=\"vc_col-sm-12 wpb_column vc_column_container\"><div class=\"vc_column-inner\"><div class=\"wpb_wrapper\"><div class=\"w-iconbox iconpos_top style_circle color_custom align_center no_text no_title\"><div class=\"w-iconbox-icon\" style=\"font-size:50px;--icon-color:#5f0000;--icon-bg-color:#ffffff;\"><i class=\"fas fa-calendar-alt\"><\/i><\/div><div class=\"w-iconbox-meta\"><\/div><\/div><div class=\"w-separator size_small\"><\/div><\/div><\/div><\/div><div class=\"vc_col-sm-12 wpb_column vc_column_container has_text_color\"><div class=\"vc_column-inner us_custom_6df4bc3a\"><div class=\"wpb_wrapper\"><div class=\"wpb_text_column us_custom_6df4bc3a has_text_color\"><div class=\"wpb_wrapper\"><h2 style=\"text-align: center;\"><span style=\"color: #ffffff;\">Starke Weiber by FrauAndrea &#8211; <strong>alle Termine<\/strong><\/span><\/h2>\n<\/div><\/div><\/div><\/div><\/div><div class=\"vc_col-sm-12 wpb_column vc_column_container\"><div class=\"vc_column-inner\"><div class=\"wpb_wrapper\"><div class=\"w-separator size_small with_line width_default thick_1 style_solid color_border align_center with_content\"><div class=\"w-separator-h\"><i class=\"fas fa-heart\"><\/i><\/div><\/div><div class=\"g-cols wpb_row us_custom_9c840ce6 via_flex valign_top type_default stacking_default\"><div class=\"vc_col-sm-12 wpb_column vc_column_container\"><div class=\"vc_column-inner\"><div class=\"wpb_wrapper\"><div class=\"wpb_text_column us_custom_be3606da\"><div class=\"wpb_wrapper\">\n<table id=\"tablepress-4\" class=\"tablepress tablepress-id-4\">\n<tbody class=\"row-striping row-hover\">\n<tr class=\"row-1\">\n\t<td class=\"column-1\"><h3>November 2025<\/h3><\/td><td class=\"column-2\"><\/td><td class=\"column-3\"><\/td><td class=\"column-4\"><\/td>\n<\/tr>\n<tr class=\"row-2\">\n\t<td class=\"column-1\"><h3>Januar 2026<\/h3><\/td><td class=\"column-2\"><\/td><td class=\"column-3\"><\/td><td class=\"column-4\"><\/td>\n<\/tr>\n<tr class=\"row-3\">\n\t<td class=\"column-1\">Comedytour Dresden<\/td><td class=\"column-2\">Sa., 03.12.2026<\/td><td class=\"column-3\">20:30 Uhr<\/td><td class=\"column-4\"><a href=\"https:\/\/comedytour.de\/staedte\/dresden\/comedytour\/\" target=\"_blank\" rel=\"noopener noreferrer\">Ticket buchen<\/a><br \/>\n<\/td>\n<\/tr>\n<tr class=\"row-4\">\n\t<td class=\"column-1\">Saubergklause Ehrenfriedersdorf<br \/>\n<font color=\"#D42D2D\">Starke Weiber 2.0<\/font><\/td><td class=\"column-2\">Fr., 16.01.2026<\/td><td class=\"column-3\">18:00 Uhr<\/td><td class=\"column-4\">Krankheitsbedingt verschoben auf den 11.04.2026 Karten behalten ihre G\u00fcltigkeit  <\/td>\n<\/tr>\n<tr class=\"row-5\">\n\t<td class=\"column-1\">Best of FrauAndrea Kulturm\u00fchle Bischheim<br \/>\n<font color=\"#D42D2D\">2.0<\/font><\/td><td class=\"column-2\">Fr., 23.01.2026<\/td><td class=\"column-3\">20:00 Uhr<\/td><td class=\"column-4\"><a href=\"https:\/\/www.kulturmuehle.de\/veranstaltungen\/\" target=\"_blank\" rel=\"noopener noreferrer\">Ticket buchen<\/a><\/td>\n<\/tr>\n<tr class=\"row-6\">\n\t<td class=\"column-1\">Theater Sanftwut Leipzig <font color=\"#D42D2D\">Alleinerziehend mit Ehemann<\/font><\/td><td class=\"column-2\">Do., 29.01.2026<\/td><td class=\"column-3\">20:00 Uhr<\/td><td class=\"column-4\"><a href=\"https:\/\/kabarett-theater-sanftwut.de\/Alleinerziehend-mit-Ehemann-Leipzig-Premiere-29012026-2000-Uhr\" target=\"_blank\" rel=\"noopener noreferrer\">Ticket buchen<\/a><\/td>\n<\/tr>\n<tr class=\"row-7\">\n\t<td class=\"column-1\"><h3>Februar 2026<\/h3><\/td><td class=\"column-2\"><\/td><td class=\"column-3\"><\/td><td class=\"column-4\"><\/td>\n<\/tr>\n<tr class=\"row-8\">\n\t<td class=\"column-1\">Bar Stadthalle Oelsnitz<br \/>\n<font color=\"#D42D2D\">Starke Weiber 2.0<\/font><\/td><td class=\"column-2\">Sa., 07.02.2026<\/td><td class=\"column-3\">18:00 Uhr<\/td><td class=\"column-4\"><a href=\"https:\/\/tickets.vibus.de\/00100278000000\/shop\/-\/Oelsnitz_Erzgeb\/Stadthalle_Oelsnitz_Erzgeb\/%22die_Bar%22\/FrauAndrea_%22Starke_Weiber_d\u00fcrfen_mehr%22\/-\/vstdetails.aspx?VstKey=10027800000075017\" target=\"_blank\" rel=\"noopener noreferrer\">Ticket buchen<\/a><\/td>\n<\/tr>\n<tr class=\"row-9\">\n\t<td class=\"column-1\">Weiberfasching Wambbula Zentralgasthof Weinb\u00f6hla<\/td><td class=\"column-2\">Do., 12.02.2026<\/td><td class=\"column-3\">18:00 Uhr<\/td><td class=\"column-4\"><\/td>\n<\/tr>\n<tr class=\"row-10\">\n\t<td class=\"column-1\">D\u00f6rrwalder M\u00fchle <font color=\"#D42D2D\">Starke Weiber<\/font><\/td><td class=\"column-2\">Fr., 13.02.2026<\/td><td class=\"column-3\">18:00 Uhr<\/td><td class=\"column-4\"><a href=\"https:\/\/doerrwalder-muehle.ticketmachine.de\/de\/events\/unseated\/select_unseated?event_id=25028\" target=\"_blank\" rel=\"noopener noreferrer\">Ticket buchen<\/a><\/td>\n<\/tr>\n<tr class=\"row-11\">\n\t<td class=\"column-1\">Comedytour Dresden<\/td><td class=\"column-2\">Sa., 14.02.2026<\/td><td class=\"column-3\">20:30 Uhr<\/td><td class=\"column-4\"><a href=\"https:\/\/comedytour.de\/staedte\/dresden\/comedytour\/\" target=\"_blank\" rel=\"noopener noreferrer\">Ticket buchen<\/a><br \/>\n<\/td>\n<\/tr>\n<tr class=\"row-12\">\n\t<td class=\"column-1\">Theater Sanftwut Leipzig <font color=\"#D42D2D\">Alleinerziehend mit Ehemann<\/font><\/td><td class=\"column-2\">So., 15.02.2026<\/td><td class=\"column-3\">20:00 Uhr<\/td><td class=\"column-4\"><a href=\"https:\/\/kabarett-theater-sanftwut.de\/Alleinerziehend-mit-Ehemann-15022026-1600-Uhr\" target=\"_blank\" rel=\"noopener noreferrer\">Ticket buchen<\/a><\/td>\n<\/tr>\n<tr class=\"row-13\">\n\t<td class=\"column-1\">Heimatverein Brahmetal <font color=\"#D42D2D\">Starke Weiber<\/font><\/td><td class=\"column-2\">Fr. 27.02.2026<\/td><td class=\"column-3\">19:00 Uhr<\/td><td class=\"column-4\">Karten an allen bekannten Vorverkaufsstellen<\/td>\n<\/tr>\n<tr class=\"row-14\">\n\t<td class=\"column-1\">Comedytour Dresden<\/td><td class=\"column-2\">Sa., 28.02.2026<\/td><td class=\"column-3\">20:30 Uhr<\/td><td class=\"column-4\"><a href=\"https:\/\/comedytour.de\/staedte\/dresden\/comedytour\/\" target=\"_blank\" rel=\"noopener noreferrer\">Ticket buchen<\/a><br \/>\n<\/td>\n<\/tr>\n<tr class=\"row-15\">\n\t<td class=\"column-1\"><h3>M\u00e4rz 2026<\/h3><\/td><td class=\"column-2\"><\/td><td class=\"column-3\"><\/td><td class=\"column-4\"><\/td>\n<\/tr>\n<tr class=\"row-16\">\n\t<td class=\"column-1\">Fundsweiber auf dem Weg zu Halleluja in der Saubergklause<br \/>\n<font color=\"#D42D2D\">2.0<\/font><\/td><td class=\"column-2\">Fr., 06.03.2026<\/td><td class=\"column-3\">18:00 Uhr<\/td><td class=\"column-4\"><a href=\"https:\/\/www.sau-berg.de\/event-details\/frauentagskabarett-fundsweiber-auf-dem-weg-zum-halleluja-1\" target=\"_blank\" rel=\"noopener noreferrer\">Ticket buchen<\/a><\/td>\n<\/tr>\n<tr class=\"row-17\">\n\t<td class=\"column-1\">Fundsweiber auf dem Weg zu Halleluja in der Saubergklause<br \/>\n<font color=\"#D42D2D\">2.0<\/font><\/td><td class=\"column-2\">Sa., 07.03.2026<\/td><td class=\"column-3\">18:00 Uhr<\/td><td class=\"column-4\"><a href=\"https:\/\/www.sau-berg.de\/event-details\/frauentagskabarett-fundsweiber-auf-dem-weg-zum-halleluja\" target=\"_blank\" rel=\"noopener noreferrer\">Ticket buchen<\/a><\/td>\n<\/tr>\n<tr class=\"row-18\">\n\t<td class=\"column-1\">Dinner im Victors Residenz Hotel Gera <font color=\"#D42D2D\">Starke Weiber<\/font><\/td><td class=\"column-2\">So., 08.03.2025<\/td><td class=\"column-3\">18:00 Uhr<\/td><td class=\"column-4\">Anmeldung vor Ort<\/td>\n<\/tr>\n<tr class=\"row-19\">\n\t<td class=\"column-1\">Fundsweiber auf dem Weg zu Halleluja Pyramide Lohsa<br \/>\n<font color=\"#D42D2D\">2.0<\/font><\/td><td class=\"column-2\">Fr., 13.03.2026<\/td><td class=\"column-3\">18:00 Uhr<\/td><td class=\"column-4\"><a href=\"https:\/\/www.grillandchill.de\/veranstaltungen\/veranstaltungen-pyramide\/#!\/e\/e0bd293653cbabd42a62da35a0653e2b\" target=\"_blank\" rel=\"noopener noreferrer\">Ticket buchen<\/a><\/td>\n<\/tr>\n<tr class=\"row-20\">\n\t<td class=\"column-1\">Fundsweiber auf dem Weg zu Halleluja Pyramide Lohsa<br \/>\n<font color=\"#D42D2D\">2.0<\/font><\/td><td class=\"column-2\">Sa., 14.03.2026<\/td><td class=\"column-3\">18:00 Uhr<\/td><td class=\"column-4\"><a href=\"https:\/\/www.grillandchill.de\/veranstaltungen\/veranstaltungen-pyramide\/#!\/e\/c557b8511155cbe21bfff58c3052db14b\" target=\"_blank\" rel=\"noopener noreferrer\">Ticket buchen<\/a><\/td>\n<\/tr>\n<tr class=\"row-21\">\n\t<td class=\"column-1\">Gasthof Schortau <font color=\"#D42D2D\">Starke Weiber<\/font><\/td><td class=\"column-2\">Fr., 20.03.2026<\/td><td class=\"column-3\">20:00 Uhr<\/td><td class=\"column-4\">Vorbestellung direkt im Gasthof<\/td>\n<\/tr>\n<tr class=\"row-22\">\n\t<td class=\"column-1\">Kultur- und Heimatverein Neur\u00fcdnitz e.V. <font color=\"#D42D2D\">Starke Weiber<\/font><\/td><td class=\"column-2\">Sa., 21.03.2026<\/td><td class=\"column-3\">20:00 Uhr<\/td><td class=\"column-4\">Link folgt<\/td>\n<\/tr>\n<tr class=\"row-23\">\n\t<td class=\"column-1\"><h3>April 2026<\/h3><\/td><td class=\"column-2\"><\/td><td class=\"column-3\"><\/td><td class=\"column-4\"><\/td>\n<\/tr>\n<tr class=\"row-24\">\n\t<td class=\"column-1\"><h3>Mai 2026<\/h3><\/td><td class=\"column-2\"><\/td><td class=\"column-3\"><\/td><td class=\"column-4\"><\/td>\n<\/tr>\n<tr class=\"row-25\">\n\t<td class=\"column-1\"><h3>Juni 2026<\/h3><\/td><td class=\"column-2\"><\/td><td class=\"column-3\"><\/td><td class=\"column-4\"><\/td>\n<\/tr>\n<tr class=\"row-26\">\n\t<td class=\"column-1\"><\/td><td class=\"column-2\"><\/td><td class=\"column-3\"><\/td><td class=\"column-4\"><\/td>\n<\/tr>\n<tr class=\"row-27\">\n\t<td class=\"column-1\"><\/td><td class=\"column-2\"><\/td><td class=\"column-3\"><\/td><td class=\"column-4\"><\/td>\n<\/tr>\n<tr class=\"row-28\">\n\t<td class=\"column-1\"><\/td><td class=\"column-2\"><\/td><td class=\"column-3\"><\/td><td class=\"column-4\"><\/td>\n<\/tr>\n<tr class=\"row-29\">\n\t<td class=\"column-1\"><\/td><td class=\"column-2\"><\/td><td class=\"column-3\"><\/td><td class=\"column-4\"><\/td>\n<\/tr>\n<\/tbody>\n<\/table>\n<!-- #tablepress-4 from cache -->\n<\/div><\/div><\/div><\/div><\/div><\/div><\/div><\/div><\/div><\/div><\/div><\/section>\n","protected":false},"excerpt":{"rendered":"Fundsweiber Fundsweiber Auf dem Weg zum Halleluja Comedy trifft Travestie FrauAndrea hat etwas von Mutti, Ehefrau und Cannon den Barbaren. Sie nimmt sich selbst auf die Schippe ohne sich dabei einen Bruch zu heben. Und die Zweite im Bunde k\u00f6nnte ihr Bruder sein. Miss Gloria Vain. Eine Travestiek\u00fcnstlerin, die sich von der exzentrischen Diva Gloria...","protected":false},"author":1,"featured_media":0,"parent":0,"menu_order":0,"comment_status":"closed","ping_status":"closed","template":"","meta":{"inline_featured_image":false,"_exactmetrics_skip_tracking":false,"_exactmetrics_sitenote_active":false,"_exactmetrics_sitenote_note":"","_exactmetrics_sitenote_category":0,"footnotes":""},"class_list":["post-8718","page","type-page","status-publish","hentry"],"yoast_head":"<!-- This site is optimized with the Yoast SEO plugin v27.2 - https:\/\/yoast.com\/product\/yoast-seo-wordpress\/ -->\n<title>Fundsweiber - FrauAndrea \u2013 Hereinspaziert und mitgelacht \u2013 Comedy vom Feinsten \u2013 Elegant, Energiegeladen, Einzigartig<\/title>\n<meta name=\"description\" content=\"Fundsweiber: Comedy &amp; Travestie mit FrauAndrea &amp; Miss Gloria Vain \u2013 schrill, charmant, mit Livegesang &amp; Witz. Auf dem Weg zum Halleluja!\" \/>\n<meta name=\"robots\" content=\"index, follow, max-snippet:-1, max-image-preview:large, max-video-preview:-1\" \/>\n<link rel=\"canonical\" href=\"https:\/\/FrauAndrea.de\/?page_id=8718\" \/>\n<meta property=\"og:locale\" content=\"de_DE\" \/>\n<meta property=\"og:type\" content=\"article\" \/>\n<meta property=\"og:title\" content=\"Fundsweiber - FrauAndrea \u2013 Hereinspaziert und mitgelacht \u2013 Comedy vom Feinsten \u2013 Elegant, Energiegeladen, Einzigartig\" \/>\n<meta property=\"og:description\" content=\"Fundsweiber: Comedy &amp; Travestie mit FrauAndrea &amp; Miss Gloria Vain \u2013 schrill, charmant, mit Livegesang &amp; Witz. Auf dem Weg zum Halleluja!\" \/>\n<meta property=\"og:url\" content=\"https:\/\/FrauAndrea.de\/?page_id=8718\" \/>\n<meta property=\"og:site_name\" content=\"FrauAndrea \u2013 Hereinspaziert und mitgelacht \u2013 Comedy vom Feinsten \u2013 Elegant, Energiegeladen, Einzigartig\" \/>\n<meta property=\"article:publisher\" content=\"https:\/\/www.facebook.com\/frauandrea.de\" \/>\n<meta property=\"article:modified_time\" content=\"2025-06-27T11:54:17+00:00\" \/>\n<meta name=\"twitter:card\" content=\"summary_large_image\" \/>\n<meta name=\"twitter:label1\" content=\"Gesch\u00e4tzte Lesezeit\" \/>\n\t<meta name=\"twitter:data1\" content=\"1\u00a0Minute\" \/>\n<script type=\"application\/ld+json\" class=\"yoast-schema-graph\">{\"@context\":\"https:\/\/schema.org\",\"@graph\":[{\"@type\":\"WebPage\",\"@id\":\"https:\/\/FrauAndrea.de\/?page_id=8718\",\"url\":\"https:\/\/FrauAndrea.de\/?page_id=8718\",\"name\":\"Fundsweiber - FrauAndrea \u2013 Hereinspaziert und mitgelacht \u2013 Comedy vom Feinsten \u2013 Elegant, Energiegeladen, Einzigartig\",\"isPartOf\":{\"@id\":\"https:\/\/FrauAndrea.de\/#website\"},\"datePublished\":\"2018-07-12T13:27:00+00:00\",\"dateModified\":\"2025-06-27T11:54:17+00:00\",\"description\":\"Fundsweiber: Comedy & Travestie mit FrauAndrea & Miss Gloria Vain \u2013 schrill, charmant, mit Livegesang & Witz. Auf dem Weg zum Halleluja!\",\"breadcrumb\":{\"@id\":\"https:\/\/FrauAndrea.de\/?page_id=8718#breadcrumb\"},\"inLanguage\":\"de\",\"potentialAction\":[{\"@type\":\"ReadAction\",\"target\":[\"https:\/\/FrauAndrea.de\/?page_id=8718\"]}]},{\"@type\":\"BreadcrumbList\",\"@id\":\"https:\/\/FrauAndrea.de\/?page_id=8718#breadcrumb\",\"itemListElement\":[{\"@type\":\"ListItem\",\"position\":1,\"name\":\"Startseite\",\"item\":\"https:\/\/FrauAndrea.de\/\"},{\"@type\":\"ListItem\",\"position\":2,\"name\":\"Fundsweiber\"}]},{\"@type\":\"WebSite\",\"@id\":\"https:\/\/FrauAndrea.de\/#website\",\"url\":\"https:\/\/FrauAndrea.de\/\",\"name\":\"FrauAndrea \u2013 Hereinspaziert und mitgelacht \u2013 Comedy vom Feinsten \u2013 Elegant, Energiegeladen, Einzigartig\",\"description\":\"Starke Weiber d\u00fcrfen mehr - FrauAndrea. Als eine Frau mit gro\u00dfem Herzen und noch gr\u00f6\u00dferer Klappe spreche ich mit euch \u00fcber meine zwei Di\u00e4ten. Von einer werde ich ja nicht satt.\",\"potentialAction\":[{\"@type\":\"SearchAction\",\"target\":{\"@type\":\"EntryPoint\",\"urlTemplate\":\"https:\/\/FrauAndrea.de\/?s={search_term_string}\"},\"query-input\":{\"@type\":\"PropertyValueSpecification\",\"valueRequired\":true,\"valueName\":\"search_term_string\"}}],\"inLanguage\":\"de\"}]}<\/script>\n<!-- \/ Yoast SEO plugin. -->","yoast_head_json":{"title":"Fundsweiber - FrauAndrea \u2013 Hereinspaziert und mitgelacht \u2013 Comedy vom Feinsten \u2013 Elegant, Energiegeladen, Einzigartig","description":"Fundsweiber: Comedy & Travestie mit FrauAndrea & Miss Gloria Vain \u2013 schrill, charmant, mit Livegesang & Witz. Auf dem Weg zum Halleluja!","robots":{"index":"index","follow":"follow","max-snippet":"max-snippet:-1","max-image-preview":"max-image-preview:large","max-video-preview":"max-video-preview:-1"},"canonical":"https:\/\/FrauAndrea.de\/?page_id=8718","og_locale":"de_DE","og_type":"article","og_title":"Fundsweiber - FrauAndrea \u2013 Hereinspaziert und mitgelacht \u2013 Comedy vom Feinsten \u2013 Elegant, Energiegeladen, Einzigartig","og_description":"Fundsweiber: Comedy & Travestie mit FrauAndrea & Miss Gloria Vain \u2013 schrill, charmant, mit Livegesang & Witz. Auf dem Weg zum Halleluja!","og_url":"https:\/\/FrauAndrea.de\/?page_id=8718","og_site_name":"FrauAndrea \u2013 Hereinspaziert und mitgelacht \u2013 Comedy vom Feinsten \u2013 Elegant, Energiegeladen, Einzigartig","article_publisher":"https:\/\/www.facebook.com\/frauandrea.de","article_modified_time":"2025-06-27T11:54:17+00:00","twitter_card":"summary_large_image","twitter_misc":{"Gesch\u00e4tzte Lesezeit":"1\u00a0Minute"},"schema":{"@context":"https:\/\/schema.org","@graph":[{"@type":"WebPage","@id":"https:\/\/FrauAndrea.de\/?page_id=8718","url":"https:\/\/FrauAndrea.de\/?page_id=8718","name":"Fundsweiber - FrauAndrea \u2013 Hereinspaziert und mitgelacht \u2013 Comedy vom Feinsten \u2013 Elegant, Energiegeladen, Einzigartig","isPartOf":{"@id":"https:\/\/FrauAndrea.de\/#website"},"datePublished":"2018-07-12T13:27:00+00:00","dateModified":"2025-06-27T11:54:17+00:00","description":"Fundsweiber: Comedy & Travestie mit FrauAndrea & Miss Gloria Vain \u2013 schrill, charmant, mit Livegesang & Witz. Auf dem Weg zum Halleluja!","breadcrumb":{"@id":"https:\/\/FrauAndrea.de\/?page_id=8718#breadcrumb"},"inLanguage":"de","potentialAction":[{"@type":"ReadAction","target":["https:\/\/FrauAndrea.de\/?page_id=8718"]}]},{"@type":"BreadcrumbList","@id":"https:\/\/FrauAndrea.de\/?page_id=8718#breadcrumb","itemListElement":[{"@type":"ListItem","position":1,"name":"Startseite","item":"https:\/\/FrauAndrea.de\/"},{"@type":"ListItem","position":2,"name":"Fundsweiber"}]},{"@type":"WebSite","@id":"https:\/\/FrauAndrea.de\/#website","url":"https:\/\/FrauAndrea.de\/","name":"FrauAndrea \u2013 Hereinspaziert und mitgelacht \u2013 Comedy vom Feinsten \u2013 Elegant, Energiegeladen, Einzigartig","description":"Starke Weiber d\u00fcrfen mehr - FrauAndrea. Als eine Frau mit gro\u00dfem Herzen und noch gr\u00f6\u00dferer Klappe spreche ich mit euch \u00fcber meine zwei Di\u00e4ten. Von einer werde ich ja nicht satt.","potentialAction":[{"@type":"SearchAction","target":{"@type":"EntryPoint","urlTemplate":"https:\/\/FrauAndrea.de\/?s={search_term_string}"},"query-input":{"@type":"PropertyValueSpecification","valueRequired":true,"valueName":"search_term_string"}}],"inLanguage":"de"}]}},"jetpack_shortlink":"https:\/\/wp.me\/PcxgVh-2gC","jetpack_sharing_enabled":true,"_links":{"self":[{"href":"https:\/\/FrauAndrea.de\/index.php?rest_route=\/wp\/v2\/pages\/8718","targetHints":{"allow":["GET"]}}],"collection":[{"href":"https:\/\/FrauAndrea.de\/index.php?rest_route=\/wp\/v2\/pages"}],"about":[{"href":"https:\/\/FrauAndrea.de\/index.php?rest_route=\/wp\/v2\/types\/page"}],"author":[{"embeddable":true,"href":"https:\/\/FrauAndrea.de\/index.php?rest_route=\/wp\/v2\/users\/1"}],"replies":[{"embeddable":true,"href":"https:\/\/FrauAndrea.de\/index.php?rest_route=%2Fwp%2Fv2%2Fcomments&post=8718"}],"version-history":[{"count":4,"href":"https:\/\/FrauAndrea.de\/index.php?rest_route=\/wp\/v2\/pages\/8718\/revisions"}],"predecessor-version":[{"id":8736,"href":"https:\/\/FrauAndrea.de\/index.php?rest_route=\/wp\/v2\/pages\/8718\/revisions\/8736"}],"wp:attachment":[{"href":"https:\/\/FrauAndrea.de\/index.php?rest_route=%2Fwp%2Fv2%2Fmedia&parent=8718"}],"curies":[{"name":"wp","href":"https:\/\/api.w.org\/{rel}","templated":true}]}}